{"id":15958,"date":"2024-04-23T11:13:22","date_gmt":"2024-04-23T11:13:22","guid":{"rendered":"https:\/\/gps.allegion.com\/axa-bike-nl\/?page_id=15958"},"modified":"2024-08-20T09:55:26","modified_gmt":"2024-08-20T09:55:26","slug":"over-ons-axa-bike-security","status":"publish","type":"page","link":"https:\/\/axasecurity.com\/de\/over-ons-axa-bike-security\/","title":{"rendered":"Wer sind wir &#8211; AXA Bike Security"},"content":{"rendered":"<section id=\"\" class=\"relative after:w-full after:h-full after:top-0 after:left-0 after:bg-[rgba(0,0,0,0.35)] after:absolute   !pt-[96px] is-layout-flex wp-block-acf-hero-is-layout-flex\" style=\"padding-top:16px; padding-bottom:136px; color: var(--wp--preset--color--font); \">\n\n\t\t\t\t<img loading=\"lazy\" decoding=\"async\" width=\"2048\" height=\"1365\" src=\"https:\/\/axasecurity.com\/de\/wp-content\/uploads\/sites\/16\/2024\/04\/1DXB7415.jpg?w=2048\" class=\"w-full h-full absolute top-0 left-0 object-cover \" alt=\"\" srcset=\"https:\/\/axasecurity.com\/de\/wp-content\/uploads\/sites\/16\/2024\/04\/1DXB7415.jpg 5472w, https:\/\/axasecurity.com\/de\/wp-content\/uploads\/sites\/16\/2024\/04\/1DXB7415.jpg?resize=512,341 512w, https:\/\/axasecurity.com\/de\/wp-content\/uploads\/sites\/16\/2024\/04\/1DXB7415.jpg?resize=768,512 768w, https:\/\/axasecurity.com\/de\/wp-content\/uploads\/sites\/16\/2024\/04\/1DXB7415.jpg?resize=2048,1365 2048w, https:\/\/axasecurity.com\/de\/wp-content\/uploads\/sites\/16\/2024\/04\/1DXB7415.jpg?resize=1536,1024 1536w, https:\/\/axasecurity.com\/de\/wp-content\/uploads\/sites\/16\/2024\/04\/1DXB7415.jpg?resize=1215,810 1215w, https:\/\/axasecurity.com\/de\/wp-content\/uploads\/sites\/16\/2024\/04\/1DXB7415.jpg?resize=600,400 600w\" sizes=\"auto, (max-width: 2048px) 100vw, 2048px\" data-ot-ignore=\"\" \/>\n\t\n\t\n\t<div class=\"relative container z-10\">\n\n\t\t<div class=\"relative w-full lg:w-6\/12\">\n\t\t\t<div class=\"content text-white    \">\n\t\t\t\t    <h1 class=\"\">AXA Bike Security<\/h1>\n\t\t    <div class=\"text-white\">\n        <p>Sicher und vertrauensvoll unterwegs<\/p>\n\n    <\/div>\n\t<\/div>\n\t\t<\/div>\n\n\t<\/div>\n<\/section>\n\n\n<section id=\"\" class=\"is-layout-flex wp-block-acf-content-image-is-layout-flex\" style=\"padding-top:var(--wp--preset--spacing--80); padding-bottom:var(--wp--preset--spacing--80); color: var(--wp--preset--color--font); \">\n\t<div class=\"container\">\n\n\t\t<div class=\"flex flex-col gap-10 lg:gap-0 lg:flex-row relative justify-start items-center justify-start \">\n\n\t\t\t<div class=\"w-full md:w-7\/12\">\n\t\t\t\t\t<div class=\"rounded-[2px] overflow-hidden\">\n\t\t\t\t<img loading=\"lazy\" decoding=\"async\" width=\"2048\" height=\"1365\" src=\"https:\/\/axasecurity.com\/de\/wp-content\/uploads\/sites\/16\/2024\/04\/pand-AXA-Bike-Security.jpg?w=2048\" class=\"w-full media-cutoff \" alt=\"Pand AXA Bike Security\" srcset=\"https:\/\/axasecurity.com\/de\/wp-content\/uploads\/sites\/16\/2024\/04\/pand-AXA-Bike-Security.jpg 4724w, https:\/\/axasecurity.com\/de\/wp-content\/uploads\/sites\/16\/2024\/04\/pand-AXA-Bike-Security.jpg?resize=512,341 512w, https:\/\/axasecurity.com\/de\/wp-content\/uploads\/sites\/16\/2024\/04\/pand-AXA-Bike-Security.jpg?resize=768,512 768w, https:\/\/axasecurity.com\/de\/wp-content\/uploads\/sites\/16\/2024\/04\/pand-AXA-Bike-Security.jpg?resize=2048,1365 2048w, https:\/\/axasecurity.com\/de\/wp-content\/uploads\/sites\/16\/2024\/04\/pand-AXA-Bike-Security.jpg?resize=1536,1024 1536w, https:\/\/axasecurity.com\/de\/wp-content\/uploads\/sites\/16\/2024\/04\/pand-AXA-Bike-Security.jpg?resize=1215,810 1215w, https:\/\/axasecurity.com\/de\/wp-content\/uploads\/sites\/16\/2024\/04\/pand-AXA-Bike-Security.jpg?resize=600,400 600w\" sizes=\"auto, (max-width: 2048px) 100vw, 2048px\" data-ot-ignore=\"\" \/>\n\t<\/div>\n\t\t\t<\/div>\n\n\t\t\t<div class=\"w-full md:w-6\/12 lg:absolute top-1\/2 lg:-translate-y-1\/2 bg-white py-10 pl-9 pr-7 shadow-contentcard rounded-[2px] right-0\">\n\t\t\t\t<div class=\"content [&amp;_p]:text-[18px]    \">\n\t\t\t\t\t\t\t    <h3 id=\"block_acf-block-66c4680deaa5b7.90364626\" class=\"\">Selbstverst\u00e4ndliche Sorglosigkeit<\/h3>\n\t\t\t    <div class=\"[&amp;_p]:text-[18px]\">\n        <p>AXA Bike Security ist fest in den Niederlanden verwurzelt, dem Land mit mehr Fahrr\u00e4dern als Menschen. Wir werden gerne als die Marke f\u00fcr Fahrradschl\u00f6sser und -beleuchtung angesehen und das wissen wir seit \u00fcber 100 Jahren zu beweisen.<\/p>\n\n    <\/div>\n\t<\/div>\n\t\t\t<\/div>\n\n\t\t<\/div>\n\n\t<\/div>\n<\/section>\n\n\n<section id=\"\" class=\"\" style=\"padding-top:0; padding-bottom:0; color: var(--wp--preset--color--font); \">\n\t<div class=\"container\">\n\t\t<div class=\"content     \">\n\t\t\t\t\t\t\t    <h2 class=\"\">Ein Produkt f\u00fcr jeden Fahrradtyp<\/h2>\n\t\t\t    <div class=\"\">\n        <p>Egal, ob du mit einem E-Bike, Stadtrad, Lastenrad, Fatbike, Kinderfahrrad, Gravelbike oder einem anderen Fahrradtyp unterwegs bist, AXA Bike Security bietet passende Schl\u00f6sser und Beleuchtung.<\/p>\n\n    <\/div>\n\t<\/div>\n\t<\/div>\n<\/section>\n\n\n<section id=\"\" class=\"\" style=\"padding-top:var(--wp--preset--spacing--80); padding-bottom:var(--wp--preset--spacing--80);  \">\n    <div class=\"container\">\n        <div class=\"grid gap-4 ms:gap-6 grid-cols-2 md:grid-cols-4\">\n                            \t<img loading=\"lazy\" decoding=\"async\" width=\"2048\" height=\"1365\" src=\"https:\/\/axasecurity.com\/de\/wp-content\/uploads\/sites\/16\/2024\/04\/1DXB6784.jpg?w=2048\" class=\"w-full rounded \" alt=\"AXA Fold Ultra\" srcset=\"https:\/\/axasecurity.com\/de\/wp-content\/uploads\/sites\/16\/2024\/04\/1DXB6784.jpg 5472w, https:\/\/axasecurity.com\/de\/wp-content\/uploads\/sites\/16\/2024\/04\/1DXB6784.jpg?resize=512,341 512w, https:\/\/axasecurity.com\/de\/wp-content\/uploads\/sites\/16\/2024\/04\/1DXB6784.jpg?resize=768,512 768w, https:\/\/axasecurity.com\/de\/wp-content\/uploads\/sites\/16\/2024\/04\/1DXB6784.jpg?resize=2048,1365 2048w, https:\/\/axasecurity.com\/de\/wp-content\/uploads\/sites\/16\/2024\/04\/1DXB6784.jpg?resize=1536,1024 1536w, https:\/\/axasecurity.com\/de\/wp-content\/uploads\/sites\/16\/2024\/04\/1DXB6784.jpg?resize=1215,810 1215w, https:\/\/axasecurity.com\/de\/wp-content\/uploads\/sites\/16\/2024\/04\/1DXB6784.jpg?resize=600,400 600w\" sizes=\"auto, (max-width: 2048px) 100vw, 2048px\" data-ot-ignore=\"\" \/>\n                            \t<img loading=\"lazy\" decoding=\"async\" width=\"2048\" height=\"1365\" src=\"https:\/\/axasecurity.com\/de\/wp-content\/uploads\/sites\/16\/2024\/04\/2023-Fat-Bike-AXA-Absolute-9-110-Fold-Ultra-17.jpeg?w=2048\" class=\"w-full rounded \" alt=\"AXA Absolute 9-110\" srcset=\"https:\/\/axasecurity.com\/de\/wp-content\/uploads\/sites\/16\/2024\/04\/2023-Fat-Bike-AXA-Absolute-9-110-Fold-Ultra-17.jpeg 8256w, https:\/\/axasecurity.com\/de\/wp-content\/uploads\/sites\/16\/2024\/04\/2023-Fat-Bike-AXA-Absolute-9-110-Fold-Ultra-17.jpeg?resize=512,341 512w, https:\/\/axasecurity.com\/de\/wp-content\/uploads\/sites\/16\/2024\/04\/2023-Fat-Bike-AXA-Absolute-9-110-Fold-Ultra-17.jpeg?resize=768,512 768w, https:\/\/axasecurity.com\/de\/wp-content\/uploads\/sites\/16\/2024\/04\/2023-Fat-Bike-AXA-Absolute-9-110-Fold-Ultra-17.jpeg?resize=2048,1365 2048w, https:\/\/axasecurity.com\/de\/wp-content\/uploads\/sites\/16\/2024\/04\/2023-Fat-Bike-AXA-Absolute-9-110-Fold-Ultra-17.jpeg?resize=1536,1024 1536w, https:\/\/axasecurity.com\/de\/wp-content\/uploads\/sites\/16\/2024\/04\/2023-Fat-Bike-AXA-Absolute-9-110-Fold-Ultra-17.jpeg?resize=1215,810 1215w, https:\/\/axasecurity.com\/de\/wp-content\/uploads\/sites\/16\/2024\/04\/2023-Fat-Bike-AXA-Absolute-9-110-Fold-Ultra-17.jpeg?resize=600,400 600w\" sizes=\"auto, (max-width: 2048px) 100vw, 2048px\" data-ot-ignore=\"\" \/>\n                            \t<img loading=\"lazy\" decoding=\"async\" width=\"2048\" height=\"1365\" src=\"https:\/\/axasecurity.com\/de\/wp-content\/uploads\/sites\/16\/2024\/04\/AXA-Juno-03.jpg?w=2048\" class=\"w-full rounded \" alt=\"AXA Juno\" srcset=\"https:\/\/axasecurity.com\/de\/wp-content\/uploads\/sites\/16\/2024\/04\/AXA-Juno-03.jpg 5760w, https:\/\/axasecurity.com\/de\/wp-content\/uploads\/sites\/16\/2024\/04\/AXA-Juno-03.jpg?resize=512,341 512w, https:\/\/axasecurity.com\/de\/wp-content\/uploads\/sites\/16\/2024\/04\/AXA-Juno-03.jpg?resize=768,512 768w, https:\/\/axasecurity.com\/de\/wp-content\/uploads\/sites\/16\/2024\/04\/AXA-Juno-03.jpg?resize=2048,1365 2048w, https:\/\/axasecurity.com\/de\/wp-content\/uploads\/sites\/16\/2024\/04\/AXA-Juno-03.jpg?resize=1536,1024 1536w, https:\/\/axasecurity.com\/de\/wp-content\/uploads\/sites\/16\/2024\/04\/AXA-Juno-03.jpg?resize=1215,810 1215w, https:\/\/axasecurity.com\/de\/wp-content\/uploads\/sites\/16\/2024\/04\/AXA-Juno-03.jpg?resize=600,400 600w\" sizes=\"auto, (max-width: 2048px) 100vw, 2048px\" data-ot-ignore=\"\" \/>\n                            \t<img loading=\"lazy\" decoding=\"async\" width=\"1824\" height=\"1216\" src=\"https:\/\/axasecurity.com\/de\/wp-content\/uploads\/sites\/16\/2024\/04\/AXA-Resolute-6-60-2.jpg?w=1824\" class=\"w-full rounded \" alt=\"AXA Resolute 6-60\" srcset=\"https:\/\/axasecurity.com\/de\/wp-content\/uploads\/sites\/16\/2024\/04\/AXA-Resolute-6-60-2.jpg 1824w, https:\/\/axasecurity.com\/de\/wp-content\/uploads\/sites\/16\/2024\/04\/AXA-Resolute-6-60-2.jpg?resize=512,341 512w, https:\/\/axasecurity.com\/de\/wp-content\/uploads\/sites\/16\/2024\/04\/AXA-Resolute-6-60-2.jpg?resize=768,512 768w, https:\/\/axasecurity.com\/de\/wp-content\/uploads\/sites\/16\/2024\/04\/AXA-Resolute-6-60-2.jpg?resize=1536,1024 1536w, https:\/\/axasecurity.com\/de\/wp-content\/uploads\/sites\/16\/2024\/04\/AXA-Resolute-6-60-2.jpg?resize=1215,810 1215w, https:\/\/axasecurity.com\/de\/wp-content\/uploads\/sites\/16\/2024\/04\/AXA-Resolute-6-60-2.jpg?resize=600,400 600w\" sizes=\"auto, (max-width: 1824px) 100vw, 1824px\" data-ot-ignore=\"\" \/>\n                    <\/div>\n    <\/div>\n<\/section>\n\n\n<section id=\"\" class=\"is-layout-flex wp-block-acf-content-image-is-layout-flex\" style=\"padding-top:var(--wp--preset--spacing--80); padding-bottom:var(--wp--preset--spacing--80); color: var(--wp--preset--color--font); \">\n\t<div class=\"container\">\n\n\t\t<div class=\"flex flex-col gap-10 lg:gap-0 lg:flex-row relative justify-end items-center justify-start \">\n\n\t\t\t<div class=\"w-full md:w-7\/12\">\n\t\t\t\t\t<div class=\"rounded-[2px] overflow-hidden\">\n\t\t\t\t<img loading=\"lazy\" decoding=\"async\" width=\"2048\" height=\"1365\" src=\"https:\/\/axasecurity.com\/de\/wp-content\/uploads\/sites\/16\/2024\/04\/1DXB6029.jpg?w=2048\" class=\"w-full media-cutoff--reverse \" alt=\"\" srcset=\"https:\/\/axasecurity.com\/de\/wp-content\/uploads\/sites\/16\/2024\/04\/1DXB6029.jpg 5472w, https:\/\/axasecurity.com\/de\/wp-content\/uploads\/sites\/16\/2024\/04\/1DXB6029.jpg?resize=512,341 512w, https:\/\/axasecurity.com\/de\/wp-content\/uploads\/sites\/16\/2024\/04\/1DXB6029.jpg?resize=768,512 768w, https:\/\/axasecurity.com\/de\/wp-content\/uploads\/sites\/16\/2024\/04\/1DXB6029.jpg?resize=2048,1365 2048w, https:\/\/axasecurity.com\/de\/wp-content\/uploads\/sites\/16\/2024\/04\/1DXB6029.jpg?resize=1536,1024 1536w, https:\/\/axasecurity.com\/de\/wp-content\/uploads\/sites\/16\/2024\/04\/1DXB6029.jpg?resize=1215,810 1215w, https:\/\/axasecurity.com\/de\/wp-content\/uploads\/sites\/16\/2024\/04\/1DXB6029.jpg?resize=600,400 600w\" sizes=\"auto, (max-width: 2048px) 100vw, 2048px\" data-ot-ignore=\"\" \/>\n\t<\/div>\n\t\t\t<\/div>\n\n\t\t\t<div class=\"w-full md:w-6\/12 lg:absolute top-1\/2 lg:-translate-y-1\/2 bg-white py-10 pl-9 pr-7 shadow-contentcard rounded-[2px] left-0\">\n\t\t\t\t<div class=\"content [&amp;_p]:text-[18px]    \">\n\t\t\t\t\t\t\t    <h3 id=\"block_acf-block-66c4680deaaac4.47444056\" class=\"\">Wohin auch immer du gehst&#8230;<\/h3>\n\t\t\t    <div class=\"[&amp;_p]:text-[18px]\">\n        <p>Wir wissen genau, was Radfahrer brauchen, um sicher und zuverl\u00e4ssig unterwegs zu sein. Egal, wohin du gehst, dein Fahrrad wird immer noch da sein, wenn du zur\u00fcckkommst, und deine Beleuchtung funktioniert immer. Eine Selbstverst\u00e4ndlichkeit, \u00fcber die du als Radfahrer nicht nachdenken musst.<\/p>\n\n    <\/div>\n\t<\/div>\n\t\t\t<\/div>\n\n\t\t<\/div>\n\n\t<\/div>\n<\/section>\n\n\n<section id=\"\" class=\"is-layout-flex wp-block-acf-content-image-is-layout-flex\" style=\"padding-top:var(--wp--preset--spacing--80); padding-bottom:var(--wp--preset--spacing--80); color: var(--wp--preset--color--font); \">\n\t<div class=\"container\">\n\n\t\t<div class=\"flex flex-col gap-10 lg:gap-0 lg:flex-row relative justify-start items-center justify-start \">\n\n\t\t\t<div class=\"w-full md:w-7\/12\">\n\t\t\t\t\t<div class=\"rounded-[2px] overflow-hidden\">\n\t\t\t\t<img loading=\"lazy\" decoding=\"async\" width=\"2048\" height=\"1365\" src=\"https:\/\/axasecurity.com\/de\/wp-content\/uploads\/sites\/16\/2024\/04\/AXA-Fold-lite-80-Sfeer_09.jpeg?w=2048\" class=\"w-full media-cutoff--reverse \" alt=\"AXA Fold Lite 80 en AXA nxt\" srcset=\"https:\/\/axasecurity.com\/de\/wp-content\/uploads\/sites\/16\/2024\/04\/AXA-Fold-lite-80-Sfeer_09.jpeg 8256w, https:\/\/axasecurity.com\/de\/wp-content\/uploads\/sites\/16\/2024\/04\/AXA-Fold-lite-80-Sfeer_09.jpeg?resize=512,341 512w, https:\/\/axasecurity.com\/de\/wp-content\/uploads\/sites\/16\/2024\/04\/AXA-Fold-lite-80-Sfeer_09.jpeg?resize=768,512 768w, https:\/\/axasecurity.com\/de\/wp-content\/uploads\/sites\/16\/2024\/04\/AXA-Fold-lite-80-Sfeer_09.jpeg?resize=2048,1365 2048w, https:\/\/axasecurity.com\/de\/wp-content\/uploads\/sites\/16\/2024\/04\/AXA-Fold-lite-80-Sfeer_09.jpeg?resize=1536,1024 1536w, https:\/\/axasecurity.com\/de\/wp-content\/uploads\/sites\/16\/2024\/04\/AXA-Fold-lite-80-Sfeer_09.jpeg?resize=1215,810 1215w, https:\/\/axasecurity.com\/de\/wp-content\/uploads\/sites\/16\/2024\/04\/AXA-Fold-lite-80-Sfeer_09.jpeg?resize=600,400 600w\" sizes=\"auto, (max-width: 2048px) 100vw, 2048px\" data-ot-ignore=\"\" \/>\n\t<\/div>\n\t\t\t<\/div>\n\n\t\t\t<div class=\"w-full md:w-6\/12 lg:absolute top-1\/2 lg:-translate-y-1\/2 bg-white py-10 pl-9 pr-7 shadow-contentcard rounded-[2px] right-0\">\n\t\t\t\t<div class=\"content [&amp;_p]:text-[18px]    \">\n\t\t\t\t\t\t\t    <h3 id=\"block_acf-block-66c4680deadaa5.34123499\" class=\"\">Unser Sortiment<\/h3>\n\t\t\t    <div class=\"[&amp;_p]:text-[18px]\">\n        <p>Entdecke unser umfangreiches Sortiment, detaillierte Produktbeschreibungen und Antworten auf h\u00e4ufig gestellte Fragen auf unserer Website.<\/p>\n<p>Finde Informationen zu Funktionen, Spezifikationen und Anwendungen unserer Produkte. Klicke auf den Link und entdecke es selbst!<\/p>\n\n    <\/div>\n\t\t<div class=\"flex flex-wrap gap-4 md:gap-6 mt-6\">\n\t\t\t\t\t\t\n\t<a href=\"https:\/\/axabikesecurity.com\/de\/\" class=\"btn mt-6 btn--solid flex-row-reverse\" target=\"_blank\">\n\t\t\t\t\t\t\t        <div class=\"h-6 w-6 text-[24px] color: var(--wp--preset--color--font); flex justify-center items-center \">\n        <span class=\"material-symbols-rounded\">open_in_new<\/span>\n    <\/div>\n\t\t\t\tAXA Bike Security\n\t<\/a>\n\t\t\t<\/div>\n\n<\/div>\n\t\t\t<\/div>\n\n\t\t<\/div>\n\n\t<\/div>\n<\/section>\n","protected":false},"excerpt":{"rendered":"","protected":false},"author":17,"featured_media":0,"parent":0,"menu_order":0,"comment_status":"closed","ping_status":"closed","template":"","meta":{"_acf_changed":false,"_trash_the_other_posts":false,"footnotes":""},"class_list":["post-15958","page","type-page","status-publish","hentry"],"acf":[],"yoast_head":"<!-- This site is optimized with the Yoast SEO plugin v27.1.1 - https:\/\/yoast.com\/product\/yoast-seo-wordpress\/ -->\n<title>Wer sind wir - AXA Bike Security - AXA Company GER \ud83c\udde9\ud83c\uddea<\/title>\n<meta name=\"description\" content=\"AXA Bike Security ist fest in den Niederlanden verwurzelt. Wir sind die Marke f\u00fcr Fahrradschl\u00f6sser und -beleuchtung.\" \/>\n<meta name=\"robots\" content=\"index, follow, max-snippet:-1, max-image-preview:large, max-video-preview:-1\" \/>\n<link rel=\"canonical\" href=\"https:\/\/axasecurity.com\/de\/over-ons-axa-bike-security\/\" \/>\n<meta property=\"og:locale\" content=\"en_US\" \/>\n<meta property=\"og:type\" content=\"article\" \/>\n<meta property=\"og:title\" content=\"Wer sind wir - AXA Bike Security - AXA Company GER \ud83c\udde9\ud83c\uddea\" \/>\n<meta property=\"og:description\" content=\"AXA Bike Security ist fest in den Niederlanden verwurzelt. Wir sind die Marke f\u00fcr Fahrradschl\u00f6sser und -beleuchtung.\" \/>\n<meta property=\"og:url\" content=\"https:\/\/axasecurity.com\/de\/over-ons-axa-bike-security\/\" \/>\n<meta property=\"og:site_name\" content=\"AXA Company GER \ud83c\udde9\ud83c\uddea\" \/>\n<meta property=\"article:modified_time\" content=\"2024-08-20T09:55:26+00:00\" \/>\n<meta name=\"twitter:card\" content=\"summary_large_image\" \/>\n<script type=\"application\/ld+json\" class=\"yoast-schema-graph\">{\"@context\":\"https:\/\/schema.org\",\"@graph\":[{\"@type\":\"WebPage\",\"@id\":\"https:\/\/axasecurity.com\/de\/over-ons-axa-bike-security\/\",\"url\":\"https:\/\/axasecurity.com\/de\/over-ons-axa-bike-security\/\",\"name\":\"Wer sind wir - AXA Bike Security - AXA Company GER \ud83c\udde9\ud83c\uddea\",\"isPartOf\":{\"@id\":\"https:\/\/axasecurity.com\/de\/#website\"},\"datePublished\":\"2024-04-23T11:13:22+00:00\",\"dateModified\":\"2024-08-20T09:55:26+00:00\",\"description\":\"AXA Bike Security ist fest in den Niederlanden verwurzelt. Wir sind die Marke f\u00fcr Fahrradschl\u00f6sser und -beleuchtung.\",\"breadcrumb\":{\"@id\":\"https:\/\/axasecurity.com\/de\/over-ons-axa-bike-security\/#breadcrumb\"},\"inLanguage\":\"en-US\",\"potentialAction\":[{\"@type\":\"ReadAction\",\"target\":[\"https:\/\/axasecurity.com\/de\/over-ons-axa-bike-security\/\"]}]},{\"@type\":\"BreadcrumbList\",\"@id\":\"https:\/\/axasecurity.com\/de\/over-ons-axa-bike-security\/#breadcrumb\",\"itemListElement\":[{\"@type\":\"ListItem\",\"position\":1,\"name\":\"house\",\"item\":\"https:\/\/axasecurity.com\/de\/\"},{\"@type\":\"ListItem\",\"position\":2,\"name\":\"Wer sind wir &#8211; AXA Bike Security\"}]},{\"@type\":\"WebSite\",\"@id\":\"https:\/\/axasecurity.com\/de\/#website\",\"url\":\"https:\/\/axasecurity.com\/de\/\",\"name\":\"AXA Company GER \ud83c\udde9\ud83c\uddea\",\"description\":\"AXA Company GER \ud83c\udde9\ud83c\uddea\",\"potentialAction\":[{\"@type\":\"SearchAction\",\"target\":{\"@type\":\"EntryPoint\",\"urlTemplate\":\"https:\/\/axasecurity.com\/de\/?s={search_term_string}\"},\"query-input\":{\"@type\":\"PropertyValueSpecification\",\"valueRequired\":true,\"valueName\":\"search_term_string\"}}],\"inLanguage\":\"en-US\"}]}<\/script>\n<!-- \/ Yoast SEO plugin. -->","yoast_head_json":{"title":"Wer sind wir - AXA Bike Security - AXA Company GER \ud83c\udde9\ud83c\uddea","description":"AXA Bike Security ist fest in den Niederlanden verwurzelt. Wir sind die Marke f\u00fcr Fahrradschl\u00f6sser und -beleuchtung.","robots":{"index":"index","follow":"follow","max-snippet":"max-snippet:-1","max-image-preview":"max-image-preview:large","max-video-preview":"max-video-preview:-1"},"canonical":"https:\/\/axasecurity.com\/de\/over-ons-axa-bike-security\/","og_locale":"en_US","og_type":"article","og_title":"Wer sind wir - AXA Bike Security - AXA Company GER \ud83c\udde9\ud83c\uddea","og_description":"AXA Bike Security ist fest in den Niederlanden verwurzelt. Wir sind die Marke f\u00fcr Fahrradschl\u00f6sser und -beleuchtung.","og_url":"https:\/\/axasecurity.com\/de\/over-ons-axa-bike-security\/","og_site_name":"AXA Company GER \ud83c\udde9\ud83c\uddea","article_modified_time":"2024-08-20T09:55:26+00:00","twitter_card":"summary_large_image","schema":{"@context":"https:\/\/schema.org","@graph":[{"@type":"WebPage","@id":"https:\/\/axasecurity.com\/de\/over-ons-axa-bike-security\/","url":"https:\/\/axasecurity.com\/de\/over-ons-axa-bike-security\/","name":"Wer sind wir - AXA Bike Security - AXA Company GER \ud83c\udde9\ud83c\uddea","isPartOf":{"@id":"https:\/\/axasecurity.com\/de\/#website"},"datePublished":"2024-04-23T11:13:22+00:00","dateModified":"2024-08-20T09:55:26+00:00","description":"AXA Bike Security ist fest in den Niederlanden verwurzelt. Wir sind die Marke f\u00fcr Fahrradschl\u00f6sser und -beleuchtung.","breadcrumb":{"@id":"https:\/\/axasecurity.com\/de\/over-ons-axa-bike-security\/#breadcrumb"},"inLanguage":"en-US","potentialAction":[{"@type":"ReadAction","target":["https:\/\/axasecurity.com\/de\/over-ons-axa-bike-security\/"]}]},{"@type":"BreadcrumbList","@id":"https:\/\/axasecurity.com\/de\/over-ons-axa-bike-security\/#breadcrumb","itemListElement":[{"@type":"ListItem","position":1,"name":"house","item":"https:\/\/axasecurity.com\/de\/"},{"@type":"ListItem","position":2,"name":"Wer sind wir &#8211; AXA Bike Security"}]},{"@type":"WebSite","@id":"https:\/\/axasecurity.com\/de\/#website","url":"https:\/\/axasecurity.com\/de\/","name":"AXA Company GER \ud83c\udde9\ud83c\uddea","description":"AXA Company GER \ud83c\udde9\ud83c\uddea","potentialAction":[{"@type":"SearchAction","target":{"@type":"EntryPoint","urlTemplate":"https:\/\/axasecurity.com\/de\/?s={search_term_string}"},"query-input":{"@type":"PropertyValueSpecification","valueRequired":true,"valueName":"search_term_string"}}],"inLanguage":"en-US"}]}},"jetpack_sharing_enabled":true,"_links":{"self":[{"href":"https:\/\/axasecurity.com\/de\/wp-json\/wp\/v2\/pages\/15958","targetHints":{"allow":["GET"]}}],"collection":[{"href":"https:\/\/axasecurity.com\/de\/wp-json\/wp\/v2\/pages"}],"about":[{"href":"https:\/\/axasecurity.com\/de\/wp-json\/wp\/v2\/types\/page"}],"author":[{"embeddable":true,"href":"https:\/\/axasecurity.com\/de\/wp-json\/wp\/v2\/users\/17"}],"replies":[{"embeddable":true,"href":"https:\/\/axasecurity.com\/de\/wp-json\/wp\/v2\/comments?post=15958"}],"version-history":[{"count":26,"href":"https:\/\/axasecurity.com\/de\/wp-json\/wp\/v2\/pages\/15958\/revisions"}],"predecessor-version":[{"id":17241,"href":"https:\/\/axasecurity.com\/de\/wp-json\/wp\/v2\/pages\/15958\/revisions\/17241"}],"wp:attachment":[{"href":"https:\/\/axasecurity.com\/de\/wp-json\/wp\/v2\/media?parent=15958"}],"curies":[{"name":"wp","href":"https:\/\/api.w.org\/{rel}","templated":true}]}}