{"id":16780,"date":"2024-04-24T15:00:10","date_gmt":"2024-04-24T15:00:10","guid":{"rendered":"https:\/\/gps.allegion.com\/company\/?page_id=16780"},"modified":"2024-08-19T08:51:45","modified_gmt":"2024-08-19T08:51:45","slug":"werken-bij-axa","status":"publish","type":"page","link":"https:\/\/axasecurity.com\/de\/werken-bij-axa\/","title":{"rendered":"Karriere bei AXA"},"content":{"rendered":"<section id=\"\" class=\"relative after:w-full after:h-full after:top-0 after:left-0 after:bg-[rgba(0,0,0,0.35)] after:absolute   !pt-[96px] is-layout-flex wp-block-acf-hero-is-layout-flex\" style=\"padding-top:16px; padding-bottom:136px; color: var(--wp--preset--color--font); \">\n\n\t\t\t\t<img loading=\"lazy\" decoding=\"async\" width=\"2048\" height=\"1365\" src=\"https:\/\/axasecurity.com\/de\/wp-content\/uploads\/sites\/16\/2024\/04\/BB2A9341.jpg?w=2048\" class=\"w-full h-full absolute top-0 left-0 object-cover \" alt=\"Pand AXA Home en Bike Security\" srcset=\"https:\/\/axasecurity.com\/de\/wp-content\/uploads\/sites\/16\/2024\/04\/BB2A9341.jpg 5760w, https:\/\/axasecurity.com\/de\/wp-content\/uploads\/sites\/16\/2024\/04\/BB2A9341.jpg?resize=512,341 512w, https:\/\/axasecurity.com\/de\/wp-content\/uploads\/sites\/16\/2024\/04\/BB2A9341.jpg?resize=768,512 768w, https:\/\/axasecurity.com\/de\/wp-content\/uploads\/sites\/16\/2024\/04\/BB2A9341.jpg?resize=2048,1365 2048w, https:\/\/axasecurity.com\/de\/wp-content\/uploads\/sites\/16\/2024\/04\/BB2A9341.jpg?resize=1536,1024 1536w, https:\/\/axasecurity.com\/de\/wp-content\/uploads\/sites\/16\/2024\/04\/BB2A9341.jpg?resize=1215,810 1215w, https:\/\/axasecurity.com\/de\/wp-content\/uploads\/sites\/16\/2024\/04\/BB2A9341.jpg?resize=600,400 600w\" sizes=\"auto, (max-width: 2048px) 100vw, 2048px\" data-ot-ignore=\"\" \/>\n\t\n\t\n\t<div class=\"relative container z-10\">\n\n\t\t<div class=\"relative w-full lg:w-6\/12\">\n\t\t\t<div class=\"content text-white    \">\n\t\t\t\t    <h1 class=\"\">Karriere bei AXA<\/h1>\n\t\t    <div class=\"text-white\">\n        <p>Bei AXA tragen wir jeden Tag dazu bei, die Welt ein St\u00fcck sicherer zu machen. Begeistert dich das? M\u00f6chtest du gerne in einem Unternehmen arbeiten, das sich um dich k\u00fcmmert und deine pers\u00f6nliche Entwicklung, Sicherheit und Gesundheit zur Priorit\u00e4t macht? Dann laden wir dich herzlich ein, dich auf eine der Stellen in unserer Zentrale in Veenendaal zu bewerben.<\/p>\n<p>Hier kannst du direkt unsere Stellenangebote einsehen oder zun\u00e4chst erfahren, was wir dir bieten k\u00f6nnen.<\/p>\n\n    <\/div>\n\t<\/div>\n\t\t<\/div>\n\n\t<\/div>\n<\/section>\n\n\n<section id=\"\" class=\"is-layout-flex wp-block-acf-content-image-is-layout-flex\" style=\"padding-top:var(--wp--preset--spacing--80); padding-bottom:var(--wp--preset--spacing--80); color: var(--wp--preset--color--font); \">\n\t<div class=\"container\">\n\n\t\t<div class=\"flex flex-col gap-10 lg:gap-0 lg:flex-row relative justify-start items-center justify-start \">\n\n\t\t\t<div class=\"w-full md:w-7\/12\">\n\t\t\t\t\t<div class=\"rounded-[2px] overflow-hidden\">\n\t\t\t\t<img loading=\"lazy\" decoding=\"async\" width=\"2048\" height=\"1365\" src=\"https:\/\/axasecurity.com\/de\/wp-content\/uploads\/sites\/16\/2024\/04\/1DXB5479.jpg?w=2048\" class=\"w-full media-cutoff \" alt=\"AXA Bike Security, sfeerbeeld\" srcset=\"https:\/\/axasecurity.com\/de\/wp-content\/uploads\/sites\/16\/2024\/04\/1DXB5479.jpg 5472w, https:\/\/axasecurity.com\/de\/wp-content\/uploads\/sites\/16\/2024\/04\/1DXB5479.jpg?resize=512,341 512w, https:\/\/axasecurity.com\/de\/wp-content\/uploads\/sites\/16\/2024\/04\/1DXB5479.jpg?resize=768,512 768w, https:\/\/axasecurity.com\/de\/wp-content\/uploads\/sites\/16\/2024\/04\/1DXB5479.jpg?resize=2048,1365 2048w, https:\/\/axasecurity.com\/de\/wp-content\/uploads\/sites\/16\/2024\/04\/1DXB5479.jpg?resize=1536,1024 1536w, https:\/\/axasecurity.com\/de\/wp-content\/uploads\/sites\/16\/2024\/04\/1DXB5479.jpg?resize=1215,810 1215w, https:\/\/axasecurity.com\/de\/wp-content\/uploads\/sites\/16\/2024\/04\/1DXB5479.jpg?resize=600,400 600w\" sizes=\"auto, (max-width: 2048px) 100vw, 2048px\" data-ot-ignore=\"\" \/>\n\t<\/div>\n\t\t\t<\/div>\n\n\t\t\t<div class=\"w-full md:w-6\/12 lg:absolute top-1\/2 lg:-translate-y-1\/2 bg-white py-10 pl-9 pr-7 shadow-contentcard rounded-[2px] right-0\">\n\t\t\t\t<div class=\"content [&amp;_p]:text-[18px]    \">\n\t\t\t\t\t\t\t    <h3 id=\"block_acf-block-66c307a068b359.69260496\" class=\"\">Stellenangebote in verschiedenen Unternehmensbereichen<\/h3>\n\t\t\t    <div class=\"[&amp;_p]:text-[18px]\">\n        <p>Wir haben unter anderem Stellenangebote f\u00fcr AXA Home Security oder AXA Bike Security:<\/p>\n<ul>\n<li>AXA Home Security hat einen ausgezeichneten Ruf als verl\u00e4sslicher Anbieter von T\u00fcr- und Fenstersicherungen und ist ein Spezialist f\u00fcr (Sicherheits)produkte zum \u00d6ffnen und Schlie\u00dfen von T\u00fcren und Fenstern.<\/li>\n<li>AXA Bike Security setzt sich als echter Fahrradliebhaber daf\u00fcr ein, Fahrradfahrer und Fahrr\u00e4der optimal zu sch\u00fctzen.<\/li>\n<\/ul>\n<p>Dar\u00fcber hinaus k\u00f6nnen Sie auch eine Stelle in einer \u00fcbergeordneten Abteilung w\u00e4hlen, wie beispielsweise unserer Fabrik, dem Lager, der Finanzabteilung oder der IT-Abteilung.<\/p>\n\n    <\/div>\n\t\t<div class=\"flex flex-wrap gap-4 md:gap-6 mt-6\">\n\t\t\t\t\t\n\t<a href=\"https:\/\/axasecurity.com\/de\/vacancies\" class=\"btn mt-6 btn--solid \" target=\"_self\">\n\t\t\t\t\t\tStellenangebote\n\t<\/a>\n\t\t\t<\/div>\n\n<\/div>\n\t\t\t<\/div>\n\n\t\t<\/div>\n\n\t<\/div>\n<\/section>\n\n\n<section id=\"\" class=\"is-layout-flex wp-block-acf-content-image-is-layout-flex\" style=\"padding-top:var(--wp--preset--spacing--80); padding-bottom:var(--wp--preset--spacing--80); color: var(--wp--preset--color--font); \">\n\t<div class=\"container\">\n\n\t\t<div class=\"flex flex-col gap-10 lg:gap-0 lg:flex-row relative justify-end items-center justify-start \">\n\n\t\t\t<div class=\"w-full md:w-7\/12\">\n\t\t\t\t\t<div class=\"rounded-[2px] overflow-hidden\">\n\t\t\t\t<img loading=\"lazy\" decoding=\"async\" width=\"2048\" height=\"1365\" src=\"https:\/\/axasecurity.com\/de\/wp-content\/uploads\/sites\/16\/2024\/04\/Company-fitness.jpeg?w=2048\" class=\"w-full media-cutoff--reverse \" alt=\"\" srcset=\"https:\/\/axasecurity.com\/de\/wp-content\/uploads\/sites\/16\/2024\/04\/Company-fitness.jpeg 5472w, https:\/\/axasecurity.com\/de\/wp-content\/uploads\/sites\/16\/2024\/04\/Company-fitness.jpeg?resize=512,341 512w, https:\/\/axasecurity.com\/de\/wp-content\/uploads\/sites\/16\/2024\/04\/Company-fitness.jpeg?resize=768,512 768w, https:\/\/axasecurity.com\/de\/wp-content\/uploads\/sites\/16\/2024\/04\/Company-fitness.jpeg?resize=2048,1365 2048w, https:\/\/axasecurity.com\/de\/wp-content\/uploads\/sites\/16\/2024\/04\/Company-fitness.jpeg?resize=1536,1024 1536w, https:\/\/axasecurity.com\/de\/wp-content\/uploads\/sites\/16\/2024\/04\/Company-fitness.jpeg?resize=1215,810 1215w, https:\/\/axasecurity.com\/de\/wp-content\/uploads\/sites\/16\/2024\/04\/Company-fitness.jpeg?resize=600,400 600w\" sizes=\"auto, (max-width: 2048px) 100vw, 2048px\" data-ot-ignore=\"\" \/>\n\t<\/div>\n\t\t\t<\/div>\n\n\t\t\t<div class=\"w-full md:w-6\/12 lg:absolute top-1\/2 lg:-translate-y-1\/2 bg-white py-10 pl-9 pr-7 shadow-contentcard rounded-[2px] left-0\">\n\t\t\t\t<div class=\"content [&amp;_p]:text-[18px]    \">\n\t\t\t\t\t\t\t    <h3 id=\"block_acf-block-66c307a068b863.95174618\" class=\"\">Sei sicher, sei gesund<\/h3>\n\t\t\t    <div class=\"[&amp;_p]:text-[18px]\">\n        <p>Die Kernwerte sind bei uns fest verankert. Wir sorgen f\u00fcr einen sicheren Arbeitsplatz und helfen unseren Mitarbeitern, gesund zu bleiben. Zum Beispiel stellen wir an den Abteilungen an 4 Tagen pro Woche frisches Obst zur Verf\u00fcgung. Du kannst auch an unserem Fahrradprogramm teilnehmen und an Betriebsfitnessaktivit\u00e4ten teilnehmen.<\/p>\n<p>Dar\u00fcber hinaus hast du eine gro\u00dfe Auswahl, da du aus \u00fcber 4.000 Sportst\u00e4tten w\u00e4hlen kannst, von Fitnessstudios bis hin zu Pilates. \u00dcber AXA erh\u00e4ltst du einen erheblichen Rabatt auf deine Mitgliedschaft.<\/p>\n\n    <\/div>\n\t<\/div>\n\t\t\t<\/div>\n\n\t\t<\/div>\n\n\t<\/div>\n<\/section>\n\n\n<section id=\"\" class=\"is-layout-flex wp-block-acf-content-image-is-layout-flex\" style=\"padding-top:var(--wp--preset--spacing--80); padding-bottom:var(--wp--preset--spacing--80); color: var(--wp--preset--color--font); \">\n\t<div class=\"container\">\n\n\t\t<div class=\"flex flex-col gap-10 lg:gap-0 lg:flex-row relative justify-start items-center justify-start \">\n\n\t\t\t<div class=\"w-full md:w-7\/12\">\n\t\t\t\t\t<div class=\"rounded-[2px] overflow-hidden\">\n\t\t\t\t<img loading=\"lazy\" decoding=\"async\" width=\"2048\" height=\"1152\" src=\"https:\/\/axasecurity.com\/de\/wp-content\/uploads\/sites\/16\/2024\/04\/Werken-bij-AXA_2.jpeg?w=2048\" class=\"w-full media-cutoff \" alt=\"Werken bij AXA Veenendaal\" srcset=\"https:\/\/axasecurity.com\/de\/wp-content\/uploads\/sites\/16\/2024\/04\/Werken-bij-AXA_2.jpeg 3686w, https:\/\/axasecurity.com\/de\/wp-content\/uploads\/sites\/16\/2024\/04\/Werken-bij-AXA_2.jpeg?resize=512,288 512w, https:\/\/axasecurity.com\/de\/wp-content\/uploads\/sites\/16\/2024\/04\/Werken-bij-AXA_2.jpeg?resize=768,432 768w, https:\/\/axasecurity.com\/de\/wp-content\/uploads\/sites\/16\/2024\/04\/Werken-bij-AXA_2.jpeg?resize=2048,1152 2048w, https:\/\/axasecurity.com\/de\/wp-content\/uploads\/sites\/16\/2024\/04\/Werken-bij-AXA_2.jpeg?resize=1536,864 1536w, https:\/\/axasecurity.com\/de\/wp-content\/uploads\/sites\/16\/2024\/04\/Werken-bij-AXA_2.jpeg?resize=1440,810 1440w, https:\/\/axasecurity.com\/de\/wp-content\/uploads\/sites\/16\/2024\/04\/Werken-bij-AXA_2.jpeg?resize=600,337 600w\" sizes=\"auto, (max-width: 2048px) 100vw, 2048px\" data-ot-ignore=\"\" \/>\n\t<\/div>\n\t\t\t<\/div>\n\n\t\t\t<div class=\"w-full md:w-6\/12 lg:absolute top-1\/2 lg:-translate-y-1\/2 bg-white py-10 pl-9 pr-7 shadow-contentcard rounded-[2px] right-0\">\n\t\t\t\t<div class=\"content [&amp;_p]:text-[18px]    \">\n\t\t\t\t\t\t\t    <h3 id=\"block_acf-block-66c307a068bb84.03093039\" class=\"\">F\u00f6rdere deine Karriere.<\/h3>\n\t\t\t    <div class=\"[&amp;_p]:text-[18px]\">\n        <p>Bei AXA findest du die Freiheit und den Raum, dich weiterzuentwickeln, aufzusteigen und das zu tun, worin du gut bist. Du erh\u00e4ltst ein Weiterbildungsbudget, es gibt ein Mentorenprogramm und du kannst an verschiedenen Teams oder Projekten teilnehmen.<\/p>\n\n    <\/div>\n\t<\/div>\n\t\t\t<\/div>\n\n\t\t<\/div>\n\n\t<\/div>\n<\/section>\n\n\n<section id=\"\" class=\"is-layout-flex wp-block-acf-content-image-is-layout-flex\" style=\"padding-top:var(--wp--preset--spacing--80); padding-bottom:var(--wp--preset--spacing--80); color: var(--wp--preset--color--font); \">\n\t<div class=\"container\">\n\n\t\t<div class=\"flex flex-col gap-10 lg:gap-0 lg:flex-row relative justify-end items-center justify-start \">\n\n\t\t\t<div class=\"w-full md:w-7\/12\">\n\t\t\t\t\t<div class=\"rounded-[2px] overflow-hidden\">\n\t\t\t\t<img loading=\"lazy\" decoding=\"async\" width=\"2048\" height=\"900\" src=\"https:\/\/axasecurity.com\/de\/wp-content\/uploads\/sites\/16\/2024\/04\/AXB23-136-Landingspagina-ESG_Header_2732x1200px-01.png?w=2048\" class=\"w-full media-cutoff--reverse \" alt=\"ESG Style Element\" srcset=\"https:\/\/axasecurity.com\/de\/wp-content\/uploads\/sites\/16\/2024\/04\/AXB23-136-Landingspagina-ESG_Header_2732x1200px-01.png 2732w, https:\/\/axasecurity.com\/de\/wp-content\/uploads\/sites\/16\/2024\/04\/AXB23-136-Landingspagina-ESG_Header_2732x1200px-01.png?resize=512,225 512w, https:\/\/axasecurity.com\/de\/wp-content\/uploads\/sites\/16\/2024\/04\/AXB23-136-Landingspagina-ESG_Header_2732x1200px-01.png?resize=768,338 768w, https:\/\/axasecurity.com\/de\/wp-content\/uploads\/sites\/16\/2024\/04\/AXB23-136-Landingspagina-ESG_Header_2732x1200px-01.png?resize=2048,900 2048w, https:\/\/axasecurity.com\/de\/wp-content\/uploads\/sites\/16\/2024\/04\/AXB23-136-Landingspagina-ESG_Header_2732x1200px-01.png?resize=1536,675 1536w, https:\/\/axasecurity.com\/de\/wp-content\/uploads\/sites\/16\/2024\/04\/AXB23-136-Landingspagina-ESG_Header_2732x1200px-01.png?resize=1440,633 1440w, https:\/\/axasecurity.com\/de\/wp-content\/uploads\/sites\/16\/2024\/04\/AXB23-136-Landingspagina-ESG_Header_2732x1200px-01.png?resize=600,264 600w\" sizes=\"auto, (max-width: 2048px) 100vw, 2048px\" data-ot-ignore=\"\" \/>\n\t<\/div>\n\t\t\t<\/div>\n\n\t\t\t<div class=\"w-full md:w-6\/12 lg:absolute top-1\/2 lg:-translate-y-1\/2 bg-white py-10 pl-9 pr-7 shadow-contentcard rounded-[2px] left-0\">\n\t\t\t\t<div class=\"content [&amp;_p]:text-[18px]    \">\n\t\t\t\t\t\t\t    <h3 id=\"block_acf-block-66c307a068bec5.74793640\" class=\"\">Zu einer besseren Welt beitragen<\/h3>\n\t\t\t    <div class=\"[&amp;_p]:text-[18px]\">\n        <p>AXA baut eine sichere Welt auf und sch\u00fctzt das, was uns lieb und teuer ist: Menschen, die unsere Produkte nutzen, Menschen, die f\u00fcr uns arbeiten, unsere lokale Gemeinschaft und die Umwelt, in der wir leben.<\/p>\n<p>Unser motiviertes Green Team bildet die Grundlage unserer Nachhaltigkeitsstrategie und -kultur. Dieses Team sorgt f\u00fcr eine Unternehmenskultur, in der Nachhaltigkeit Teil der t\u00e4glichen Arbeit jedes Einzelnen wird.<\/p>\n\n    <\/div>\n\t<\/div>\n\t\t\t<\/div>\n\n\t\t<\/div>\n\n\t<\/div>\n<\/section>\n\n\n<section id=\"\" class=\"is-layout-flex wp-block-acf-content-image-is-layout-flex\" style=\"padding-top:var(--wp--preset--spacing--80); padding-bottom:var(--wp--preset--spacing--80); color: var(--wp--preset--color--font); \">\n\t<div class=\"container\">\n\n\t\t<div class=\"flex flex-col gap-10 lg:gap-0 lg:flex-row relative justify-start items-center justify-start \">\n\n\t\t\t<div class=\"w-full md:w-7\/12\">\n\t\t\t\t\t<div class=\"rounded-[2px] overflow-hidden\">\n\t\t\t\t<img loading=\"lazy\" decoding=\"async\" width=\"2048\" height=\"1413\" src=\"https:\/\/axasecurity.com\/de\/wp-content\/uploads\/sites\/16\/2024\/04\/Werken-bij-AXA_3.jpeg?w=2048\" class=\"w-full media-cutoff \" alt=\"Werken bij AXA Veenendaal\" srcset=\"https:\/\/axasecurity.com\/de\/wp-content\/uploads\/sites\/16\/2024\/04\/Werken-bij-AXA_3.jpeg 5686w, https:\/\/axasecurity.com\/de\/wp-content\/uploads\/sites\/16\/2024\/04\/Werken-bij-AXA_3.jpeg?resize=512,353 512w, https:\/\/axasecurity.com\/de\/wp-content\/uploads\/sites\/16\/2024\/04\/Werken-bij-AXA_3.jpeg?resize=768,530 768w, https:\/\/axasecurity.com\/de\/wp-content\/uploads\/sites\/16\/2024\/04\/Werken-bij-AXA_3.jpeg?resize=2048,1413 2048w, https:\/\/axasecurity.com\/de\/wp-content\/uploads\/sites\/16\/2024\/04\/Werken-bij-AXA_3.jpeg?resize=1536,1060 1536w, https:\/\/axasecurity.com\/de\/wp-content\/uploads\/sites\/16\/2024\/04\/Werken-bij-AXA_3.jpeg?resize=1174,810 1174w, https:\/\/axasecurity.com\/de\/wp-content\/uploads\/sites\/16\/2024\/04\/Werken-bij-AXA_3.jpeg?resize=600,414 600w\" sizes=\"auto, (max-width: 2048px) 100vw, 2048px\" data-ot-ignore=\"\" \/>\n\t<\/div>\n\t\t\t<\/div>\n\n\t\t\t<div class=\"w-full md:w-6\/12 lg:absolute top-1\/2 lg:-translate-y-1\/2 bg-white py-10 pl-9 pr-7 shadow-contentcard rounded-[2px] right-0\">\n\t\t\t\t<div class=\"content [&amp;_p]:text-[18px]    \">\n\t\t\t\t\t\t\t    <h3 id=\"block_acf-block-66c307a068c269.94554287\" class=\"\">Vielfalt und Inklusion (D&#038;I)<\/h3>\n\t\t\t    <div class=\"[&amp;_p]:text-[18px]\">\n        <p>F\u00fcr uns bedeutet D&amp;I, dass wir alle mit Integrit\u00e4t und Fairness handeln. Wir diskriminieren nicht und unsere Entscheidungen werden nicht von Geschlecht, Rasse, Religion, Alter, Behinderung, sexueller Orientierung, Nationalit\u00e4t, Familienstand, politischen \u00dcberzeugungen, sozialen Gruppen, ethnischer Herkunft oder medizinischem Status beeinflusst. Entscheidungen in Bezug auf Besch\u00e4ftigung, Arbeitsaufgaben, Boni, Verg\u00fctungen und disziplinarische Ma\u00dfnahmen basieren ausschlie\u00dflich auf Bildung, Training und nachgewiesenen F\u00e4higkeiten oder Fertigkeiten.<\/p>\n\n    <\/div>\n\t<\/div>\n\t\t\t<\/div>\n\n\t\t<\/div>\n\n\t<\/div>\n<\/section>\n\n\n<section id=\"\" class=\"\" style=\"padding-top:var(--wp--preset--spacing--80); padding-bottom:var(--wp--preset--spacing--80); color: var(--wp--preset--color--font); background-color: var(--wp--preset--color--secondary-light);\">\n\t<div class=\"container\">\n\t\t<div class=\"content     \">\n\t\t\t\t\t\t\t    <h2 class=\"\">Unsere Arbeitsbedingungen<\/h2>\n\t\t\t    <div class=\"\">\n        <p>Neben einer attraktiven Position und netten Kollegen bieten wir gute Arbeitsbedingungen:<\/p>\n<ul>\n<li>Wir fallen unter den Tarifvertrag Metalektro. Dadurch wei\u00dft du genau, worauf du dich einl\u00e4sst, was deine Rechte sind und welche Arbeitsbedingungen m\u00f6glich sind.<\/li>\n<li>Bei einer 38-Stunden-Woche erh\u00e4ltst du 216 Urlaubsstunden.<\/li>\n<li>Dein Rentenaufbau erfolgt \u00fcber den PME-Pensionsfonds.<\/li>\n<li>Du erh\u00e4ltst eine Fahrtkostenerstattung.<\/li>\n<li>Du bekommst ein Weiterbildungsbudget, um dich weiterzuentwickeln.<\/li>\n<li>Du beteiligst dich am Gewinn des Unternehmens. Die H\u00f6he der j\u00e4hrlichen Gewinnbeteiligung h\u00e4ngt von der Leistung von AXA ab. Wird 100% der Unternehmensleistung erreicht? Dann erh\u00e4ltst du 1.300 \u20ac.<\/li>\n<li>Du erh\u00e4ltst einen Weihnachtsbonus von 100 \u20ac netto.<\/li>\n<li>Neben den beliebten Sommer- und Weihnachtsveranstaltungen organisieren wir das ganze Jahr \u00fcber etwas Besonderes f\u00fcr spezielle Anl\u00e4sse wie Ostern, Nikolaus und andere festliche Gelegenheiten.<\/li>\n<li>Du beginnst mit einem Jahresvertrag. Bist du mit deiner Arbeit und uns zufrieden und wir mit dir? Dann bieten wir dir nach einem Jahr einen unbefristeten Vertrag an.<\/li>\n<li>Und nicht zuletzt: Du erh\u00e4ltst nat\u00fcrlich interessante Rabatte auf (Fahrrad-)Schl\u00f6sser, Fahrradbeleuchtung und andere Produkte von AXA Bike und AXA Home. Damit machst du deine eigene Welt auch ein St\u00fcck sicherer.<\/li>\n<\/ul>\n<p>&nbsp;<\/p>\n\n    <\/div>\n\t<\/div>\n\t<\/div>\n<\/section>\n","protected":false},"excerpt":{"rendered":"","protected":false},"author":20,"featured_media":0,"parent":0,"menu_order":0,"comment_status":"closed","ping_status":"closed","template":"","meta":{"_acf_changed":false,"_trash_the_other_posts":false,"footnotes":""},"class_list":["post-16780","page","type-page","status-publish","hentry"],"acf":[],"yoast_head":"<!-- This site is optimized with the Yoast SEO plugin v27.4 - https:\/\/yoast.com\/product\/yoast-seo-wordpress\/ -->\n<title>Karriere bei AXA - AXA Company GER \ud83c\udde9\ud83c\uddea<\/title>\n<meta name=\"description\" content=\"Interesse bei AXA zu arbeiten? Erfahren Sie mehr \u00fcber unser Unternehmen und sehen Sie, ob es eine Stellenanzeige gibt, die zu Ihnen passt.\" \/>\n<meta name=\"robots\" content=\"index, follow, max-snippet:-1, max-image-preview:large, max-video-preview:-1\" \/>\n<link rel=\"canonical\" href=\"https:\/\/axasecurity.com\/de\/werken-bij-axa\/\" \/>\n<meta property=\"og:locale\" content=\"en_US\" \/>\n<meta property=\"og:type\" content=\"article\" \/>\n<meta property=\"og:title\" content=\"Karriere bei AXA - AXA Company GER \ud83c\udde9\ud83c\uddea\" \/>\n<meta property=\"og:description\" content=\"Interesse bei AXA zu arbeiten? Erfahren Sie mehr \u00fcber unser Unternehmen und sehen Sie, ob es eine Stellenanzeige gibt, die zu Ihnen passt.\" \/>\n<meta property=\"og:url\" content=\"https:\/\/axasecurity.com\/de\/werken-bij-axa\/\" \/>\n<meta property=\"og:site_name\" content=\"AXA Company GER \ud83c\udde9\ud83c\uddea\" \/>\n<meta property=\"article:modified_time\" content=\"2024-08-19T08:51:45+00:00\" \/>\n<meta name=\"twitter:card\" content=\"summary_large_image\" \/>\n<script type=\"application\/ld+json\" class=\"yoast-schema-graph\">{\"@context\":\"https:\\\/\\\/schema.org\",\"@graph\":[{\"@type\":\"WebPage\",\"@id\":\"https:\\\/\\\/axasecurity.com\\\/de\\\/werken-bij-axa\\\/\",\"url\":\"https:\\\/\\\/axasecurity.com\\\/de\\\/werken-bij-axa\\\/\",\"name\":\"Karriere bei AXA - AXA Company GER \ud83c\udde9\ud83c\uddea\",\"isPartOf\":{\"@id\":\"https:\\\/\\\/axasecurity.com\\\/de\\\/#website\"},\"datePublished\":\"2024-04-24T15:00:10+00:00\",\"dateModified\":\"2024-08-19T08:51:45+00:00\",\"description\":\"Interesse bei AXA zu arbeiten? Erfahren Sie mehr \u00fcber unser Unternehmen und sehen Sie, ob es eine Stellenanzeige gibt, die zu Ihnen passt.\",\"breadcrumb\":{\"@id\":\"https:\\\/\\\/axasecurity.com\\\/de\\\/werken-bij-axa\\\/#breadcrumb\"},\"inLanguage\":\"en-US\",\"potentialAction\":[{\"@type\":\"ReadAction\",\"target\":[\"https:\\\/\\\/axasecurity.com\\\/de\\\/werken-bij-axa\\\/\"]}]},{\"@type\":\"BreadcrumbList\",\"@id\":\"https:\\\/\\\/axasecurity.com\\\/de\\\/werken-bij-axa\\\/#breadcrumb\",\"itemListElement\":[{\"@type\":\"ListItem\",\"position\":1,\"name\":\"house\",\"item\":\"https:\\\/\\\/axasecurity.com\\\/de\\\/\"},{\"@type\":\"ListItem\",\"position\":2,\"name\":\"Karriere bei AXA\"}]},{\"@type\":\"WebSite\",\"@id\":\"https:\\\/\\\/axasecurity.com\\\/de\\\/#website\",\"url\":\"https:\\\/\\\/axasecurity.com\\\/de\\\/\",\"name\":\"AXA Company GER \ud83c\udde9\ud83c\uddea\",\"description\":\"AXA Company GER \ud83c\udde9\ud83c\uddea\",\"potentialAction\":[{\"@type\":\"SearchAction\",\"target\":{\"@type\":\"EntryPoint\",\"urlTemplate\":\"https:\\\/\\\/axasecurity.com\\\/de\\\/?s={search_term_string}\"},\"query-input\":{\"@type\":\"PropertyValueSpecification\",\"valueRequired\":true,\"valueName\":\"search_term_string\"}}],\"inLanguage\":\"en-US\"}]}<\/script>\n<!-- \/ Yoast SEO plugin. -->","yoast_head_json":{"title":"Karriere bei AXA - AXA Company GER \ud83c\udde9\ud83c\uddea","description":"Interesse bei AXA zu arbeiten? Erfahren Sie mehr \u00fcber unser Unternehmen und sehen Sie, ob es eine Stellenanzeige gibt, die zu Ihnen passt.","robots":{"index":"index","follow":"follow","max-snippet":"max-snippet:-1","max-image-preview":"max-image-preview:large","max-video-preview":"max-video-preview:-1"},"canonical":"https:\/\/axasecurity.com\/de\/werken-bij-axa\/","og_locale":"en_US","og_type":"article","og_title":"Karriere bei AXA - AXA Company GER \ud83c\udde9\ud83c\uddea","og_description":"Interesse bei AXA zu arbeiten? Erfahren Sie mehr \u00fcber unser Unternehmen und sehen Sie, ob es eine Stellenanzeige gibt, die zu Ihnen passt.","og_url":"https:\/\/axasecurity.com\/de\/werken-bij-axa\/","og_site_name":"AXA Company GER \ud83c\udde9\ud83c\uddea","article_modified_time":"2024-08-19T08:51:45+00:00","twitter_card":"summary_large_image","schema":{"@context":"https:\/\/schema.org","@graph":[{"@type":"WebPage","@id":"https:\/\/axasecurity.com\/de\/werken-bij-axa\/","url":"https:\/\/axasecurity.com\/de\/werken-bij-axa\/","name":"Karriere bei AXA - AXA Company GER \ud83c\udde9\ud83c\uddea","isPartOf":{"@id":"https:\/\/axasecurity.com\/de\/#website"},"datePublished":"2024-04-24T15:00:10+00:00","dateModified":"2024-08-19T08:51:45+00:00","description":"Interesse bei AXA zu arbeiten? Erfahren Sie mehr \u00fcber unser Unternehmen und sehen Sie, ob es eine Stellenanzeige gibt, die zu Ihnen passt.","breadcrumb":{"@id":"https:\/\/axasecurity.com\/de\/werken-bij-axa\/#breadcrumb"},"inLanguage":"en-US","potentialAction":[{"@type":"ReadAction","target":["https:\/\/axasecurity.com\/de\/werken-bij-axa\/"]}]},{"@type":"BreadcrumbList","@id":"https:\/\/axasecurity.com\/de\/werken-bij-axa\/#breadcrumb","itemListElement":[{"@type":"ListItem","position":1,"name":"house","item":"https:\/\/axasecurity.com\/de\/"},{"@type":"ListItem","position":2,"name":"Karriere bei AXA"}]},{"@type":"WebSite","@id":"https:\/\/axasecurity.com\/de\/#website","url":"https:\/\/axasecurity.com\/de\/","name":"AXA Company GER \ud83c\udde9\ud83c\uddea","description":"AXA Company GER \ud83c\udde9\ud83c\uddea","potentialAction":[{"@type":"SearchAction","target":{"@type":"EntryPoint","urlTemplate":"https:\/\/axasecurity.com\/de\/?s={search_term_string}"},"query-input":{"@type":"PropertyValueSpecification","valueRequired":true,"valueName":"search_term_string"}}],"inLanguage":"en-US"}]}},"jetpack_sharing_enabled":true,"_links":{"self":[{"href":"https:\/\/axasecurity.com\/de\/wp-json\/wp\/v2\/pages\/16780","targetHints":{"allow":["GET"]}}],"collection":[{"href":"https:\/\/axasecurity.com\/de\/wp-json\/wp\/v2\/pages"}],"about":[{"href":"https:\/\/axasecurity.com\/de\/wp-json\/wp\/v2\/types\/page"}],"author":[{"embeddable":true,"href":"https:\/\/axasecurity.com\/de\/wp-json\/wp\/v2\/users\/20"}],"replies":[{"embeddable":true,"href":"https:\/\/axasecurity.com\/de\/wp-json\/wp\/v2\/comments?post=16780"}],"version-history":[{"count":61,"href":"https:\/\/axasecurity.com\/de\/wp-json\/wp\/v2\/pages\/16780\/revisions"}],"predecessor-version":[{"id":17239,"href":"https:\/\/axasecurity.com\/de\/wp-json\/wp\/v2\/pages\/16780\/revisions\/17239"}],"wp:attachment":[{"href":"https:\/\/axasecurity.com\/de\/wp-json\/wp\/v2\/media?parent=16780"}],"curies":[{"name":"wp","href":"https:\/\/api.w.org\/{rel}","templated":true}]}}