{"id":16861,"date":"2024-04-24T14:18:21","date_gmt":"2024-04-24T14:18:21","guid":{"rendered":"https:\/\/gps.allegion.com\/company\/?page_id=16861"},"modified":"2024-04-30T11:16:12","modified_gmt":"2024-04-30T11:16:12","slug":"wie-zijn-wij-oem","status":"publish","type":"page","link":"https:\/\/axasecurity.com\/de\/wie-zijn-wij-oem\/","title":{"rendered":"Wer sind wir &#8211; OEM"},"content":{"rendered":"<section id=\"\" class=\"relative after:w-full after:h-full after:top-0 after:left-0 after:bg-[rgba(0,0,0,0.35)] after:absolute   !pt-[96px] is-layout-flex wp-block-acf-hero-is-layout-flex\" style=\"padding-top:16px; padding-bottom:136px; color: var(--wp--preset--color--font); \">\n\n\t\t\t\t<img loading=\"lazy\" decoding=\"async\" width=\"1824\" height=\"1216\" src=\"https:\/\/axasecurity.com\/de\/wp-content\/uploads\/sites\/16\/2024\/04\/1DXA7433.jpg?w=1824\" class=\"w-full h-full absolute top-0 left-0 object-cover \" alt=\"\" srcset=\"https:\/\/axasecurity.com\/de\/wp-content\/uploads\/sites\/16\/2024\/04\/1DXA7433.jpg 1824w, https:\/\/axasecurity.com\/de\/wp-content\/uploads\/sites\/16\/2024\/04\/1DXA7433.jpg?resize=512,341 512w, https:\/\/axasecurity.com\/de\/wp-content\/uploads\/sites\/16\/2024\/04\/1DXA7433.jpg?resize=768,512 768w, https:\/\/axasecurity.com\/de\/wp-content\/uploads\/sites\/16\/2024\/04\/1DXA7433.jpg?resize=1536,1024 1536w, https:\/\/axasecurity.com\/de\/wp-content\/uploads\/sites\/16\/2024\/04\/1DXA7433.jpg?resize=1215,810 1215w, https:\/\/axasecurity.com\/de\/wp-content\/uploads\/sites\/16\/2024\/04\/1DXA7433.jpg?resize=600,400 600w\" sizes=\"auto, (max-width: 1824px) 100vw, 1824px\" data-ot-ignore=\"\" \/>\n\t\n\t\n\t<div class=\"relative container z-10\">\n\n\t\t<div class=\"relative w-full lg:w-6\/12\">\n\t\t\t<div class=\"content text-white    \">\n\t\t\t\t    <h1 class=\"\">Wir sind ein Original Equipment Manufacturer (OEM).<\/h1>\n\t\t    <div class=\"text-white\">\n        <p>AXA entwickelt und produziert Produkte f\u00fcr jedes Fahrrad. Wir haben eine breite Palette von Schl\u00f6ssern und Beleuchtung.<\/p>\n\n    <\/div>\n\t<\/div>\n\t\t<\/div>\n\n\t<\/div>\n<\/section>\n\n\n<section id=\"\" class=\"is-layout-flex wp-block-acf-content-image-is-layout-flex\" style=\"padding-top:var(--wp--preset--spacing--80); padding-bottom:var(--wp--preset--spacing--80); color: var(--wp--preset--color--font); \">\n\t<div class=\"container\">\n\n\t\t<div class=\"flex flex-col gap-10 lg:gap-0 lg:flex-row relative justify-start items-center justify-start \">\n\n\t\t\t<div class=\"w-full md:w-7\/12\">\n\t\t\t\t\t<img loading=\"lazy\" decoding=\"async\" width=\"1824\" height=\"1216\" src=\"https:\/\/axasecurity.com\/de\/wp-content\/uploads\/sites\/16\/2024\/04\/Victory-meerdere-kleuren.jpg?w=1824\" class=\"w-full rounded \" alt=\"\" srcset=\"https:\/\/axasecurity.com\/de\/wp-content\/uploads\/sites\/16\/2024\/04\/Victory-meerdere-kleuren.jpg 1824w, https:\/\/axasecurity.com\/de\/wp-content\/uploads\/sites\/16\/2024\/04\/Victory-meerdere-kleuren.jpg?resize=512,341 512w, https:\/\/axasecurity.com\/de\/wp-content\/uploads\/sites\/16\/2024\/04\/Victory-meerdere-kleuren.jpg?resize=768,512 768w, https:\/\/axasecurity.com\/de\/wp-content\/uploads\/sites\/16\/2024\/04\/Victory-meerdere-kleuren.jpg?resize=1536,1024 1536w, https:\/\/axasecurity.com\/de\/wp-content\/uploads\/sites\/16\/2024\/04\/Victory-meerdere-kleuren.jpg?resize=1215,810 1215w, https:\/\/axasecurity.com\/de\/wp-content\/uploads\/sites\/16\/2024\/04\/Victory-meerdere-kleuren.jpg?resize=600,400 600w\" sizes=\"auto, (max-width: 1824px) 100vw, 1824px\" data-ot-ignore=\"\" \/>\n\t\t\t<\/div>\n\n\t\t\t<div class=\"w-full md:w-6\/12 lg:absolute top-1\/2 lg:-translate-y-1\/2 bg-white py-10 pl-9 pr-7 shadow-contentcard rounded-[2px] right-0\">\n\t\t\t\t<div class=\"content [&amp;_p]:text-[18px]    \">\n\t\t\t\t\t\t    <div class=\"[&amp;_p]:text-[18px]\">\n        <p>Unsere Schl\u00f6sser und Beleuchtung k\u00f6nnen an die Bed\u00fcrfnisse jeder einzelnen Marke oder Hersteller angepasst werden. Zum Beispiel, wenn Sie ein charakteristisches Bauteil, eine andere Farbe, eine andere Kabell\u00e4nge oder spezielle Halterungen ben\u00f6tigen.<\/p>\n\n    <\/div>\n\t<\/div>\n\t\t\t<\/div>\n\n\t\t<\/div>\n\n\t<\/div>\n<\/section>\n\n\n<section id=\"\" class=\"is-layout-flex wp-block-acf-content-image-is-layout-flex\" style=\"padding-top:var(--wp--preset--spacing--80); padding-bottom:var(--wp--preset--spacing--80); color: var(--wp--preset--color--font); \">\n\t<div class=\"container\">\n\n\t\t<div class=\"flex flex-col gap-10 lg:gap-0 lg:flex-row relative justify-end items-center justify-start \">\n\n\t\t\t<div class=\"w-full md:w-7\/12\">\n\t\t\t\t\t<img loading=\"lazy\" decoding=\"async\" width=\"2048\" height=\"1365\" src=\"https:\/\/axasecurity.com\/de\/wp-content\/uploads\/sites\/16\/2024\/04\/Centurion-customised.jpg?w=2048\" class=\"w-full rounded \" alt=\"Centurion verlichting\" srcset=\"https:\/\/axasecurity.com\/de\/wp-content\/uploads\/sites\/16\/2024\/04\/Centurion-customised.jpg 6720w, https:\/\/axasecurity.com\/de\/wp-content\/uploads\/sites\/16\/2024\/04\/Centurion-customised.jpg?resize=512,341 512w, https:\/\/axasecurity.com\/de\/wp-content\/uploads\/sites\/16\/2024\/04\/Centurion-customised.jpg?resize=768,512 768w, https:\/\/axasecurity.com\/de\/wp-content\/uploads\/sites\/16\/2024\/04\/Centurion-customised.jpg?resize=2048,1365 2048w, https:\/\/axasecurity.com\/de\/wp-content\/uploads\/sites\/16\/2024\/04\/Centurion-customised.jpg?resize=1536,1024 1536w, https:\/\/axasecurity.com\/de\/wp-content\/uploads\/sites\/16\/2024\/04\/Centurion-customised.jpg?resize=1215,810 1215w, https:\/\/axasecurity.com\/de\/wp-content\/uploads\/sites\/16\/2024\/04\/Centurion-customised.jpg?resize=600,400 600w\" sizes=\"auto, (max-width: 2048px) 100vw, 2048px\" data-ot-ignore=\"\" \/>\n\t\t\t<\/div>\n\n\t\t\t<div class=\"w-full md:w-6\/12 lg:absolute top-1\/2 lg:-translate-y-1\/2 bg-white py-10 pl-9 pr-7 shadow-contentcard rounded-[2px] left-0\">\n\t\t\t\t<div class=\"content [&amp;_p]:text-[18px]    \">\n\t\t\t\t\t\t    <div class=\"[&amp;_p]:text-[18px]\">\n        <p>Auch entwickeln und produzieren wir ma\u00dfgeschneiderte L\u00f6sungen. Denn kein Fahrrad ist gleich. Um Marken zu st\u00e4rken, helfen wir Herstellern bei der Schaffung ihres optimalen Fahrrads. Ein ma\u00dfgeschneidertes Produkt von uns st\u00e4rkt ihre Markenidentit\u00e4t.<\/p>\n<p>Mit kurzen Kommunikationswegen zwischen unseren Entwicklern und unseren Kunden sowie einer effizienten Inhouse-Produktion arbeiten wir seit vielen Jahren erfolgreich mit den gr\u00f6\u00dften Fahrradmarken der Welt zusammen.<\/p>\n\n    <\/div>\n\t\t<div class=\"flex flex-wrap gap-4 md:gap-6 mt-6\">\n\t\t\t\t\t\t\n\t<a href=\"https:\/\/bike.allegion.com\/\" class=\"btn mt-6 btn--solid flex-row-reverse\" target=\"_blank\">\n\t\t\t\t\t\t\t        <div class=\"h-6 w-6 text-[24px] color: var(--wp--preset--color--font); flex justify-center items-center \">\n        <span class=\"material-symbols-rounded\">open_in_new<\/span>\n    <\/div>\n\t\t\t\tBekijk alle mogelijkheden hier\n\t<\/a>\n\t\t\t<\/div>\n\n<\/div>\n\t\t\t<\/div>\n\n\t\t<\/div>\n\n\t<\/div>\n<\/section>\n","protected":false},"excerpt":{"rendered":"","protected":false},"author":17,"featured_media":0,"parent":0,"menu_order":0,"comment_status":"closed","ping_status":"closed","template":"","meta":{"_acf_changed":false,"_trash_the_other_posts":false,"footnotes":""},"class_list":["post-16861","page","type-page","status-publish","hentry"],"acf":[],"yoast_head":"<!-- This site is optimized with the Yoast SEO plugin v27.4 - https:\/\/yoast.com\/product\/yoast-seo-wordpress\/ -->\n<title>Wer sind wir - OEM - AXA Company GER \ud83c\udde9\ud83c\uddea<\/title>\n<meta name=\"description\" content=\"Wir haben eine breite Palette von Schl\u00f6ssern und Beleuchtung. Wir entwickeln auch ma\u00dfgeschneiderte L\u00f6sungen. F\u00fcr jedes Fahrrad eine L\u00f6sung.\" \/>\n<meta name=\"robots\" content=\"index, follow, max-snippet:-1, max-image-preview:large, max-video-preview:-1\" \/>\n<link rel=\"canonical\" href=\"https:\/\/axasecurity.com\/de\/wie-zijn-wij-oem\/\" \/>\n<meta property=\"og:locale\" content=\"en_US\" \/>\n<meta property=\"og:type\" content=\"article\" \/>\n<meta property=\"og:title\" content=\"Wer sind wir - OEM - AXA Company GER \ud83c\udde9\ud83c\uddea\" \/>\n<meta property=\"og:description\" content=\"Wir haben eine breite Palette von Schl\u00f6ssern und Beleuchtung. Wir entwickeln auch ma\u00dfgeschneiderte L\u00f6sungen. F\u00fcr jedes Fahrrad eine L\u00f6sung.\" \/>\n<meta property=\"og:url\" content=\"https:\/\/axasecurity.com\/de\/wie-zijn-wij-oem\/\" \/>\n<meta property=\"og:site_name\" content=\"AXA Company GER \ud83c\udde9\ud83c\uddea\" \/>\n<meta property=\"article:modified_time\" content=\"2024-04-30T11:16:12+00:00\" \/>\n<meta name=\"twitter:card\" content=\"summary_large_image\" \/>\n<script type=\"application\/ld+json\" class=\"yoast-schema-graph\">{\"@context\":\"https:\\\/\\\/schema.org\",\"@graph\":[{\"@type\":\"WebPage\",\"@id\":\"https:\\\/\\\/axasecurity.com\\\/de\\\/wie-zijn-wij-oem\\\/\",\"url\":\"https:\\\/\\\/axasecurity.com\\\/de\\\/wie-zijn-wij-oem\\\/\",\"name\":\"Wer sind wir - OEM - AXA Company GER \ud83c\udde9\ud83c\uddea\",\"isPartOf\":{\"@id\":\"https:\\\/\\\/axasecurity.com\\\/de\\\/#website\"},\"datePublished\":\"2024-04-24T14:18:21+00:00\",\"dateModified\":\"2024-04-30T11:16:12+00:00\",\"description\":\"Wir haben eine breite Palette von Schl\u00f6ssern und Beleuchtung. Wir entwickeln auch ma\u00dfgeschneiderte L\u00f6sungen. F\u00fcr jedes Fahrrad eine L\u00f6sung.\",\"breadcrumb\":{\"@id\":\"https:\\\/\\\/axasecurity.com\\\/de\\\/wie-zijn-wij-oem\\\/#breadcrumb\"},\"inLanguage\":\"en-US\",\"potentialAction\":[{\"@type\":\"ReadAction\",\"target\":[\"https:\\\/\\\/axasecurity.com\\\/de\\\/wie-zijn-wij-oem\\\/\"]}]},{\"@type\":\"BreadcrumbList\",\"@id\":\"https:\\\/\\\/axasecurity.com\\\/de\\\/wie-zijn-wij-oem\\\/#breadcrumb\",\"itemListElement\":[{\"@type\":\"ListItem\",\"position\":1,\"name\":\"house\",\"item\":\"https:\\\/\\\/axasecurity.com\\\/de\\\/\"},{\"@type\":\"ListItem\",\"position\":2,\"name\":\"Wer sind wir &#8211; OEM\"}]},{\"@type\":\"WebSite\",\"@id\":\"https:\\\/\\\/axasecurity.com\\\/de\\\/#website\",\"url\":\"https:\\\/\\\/axasecurity.com\\\/de\\\/\",\"name\":\"AXA Company GER \ud83c\udde9\ud83c\uddea\",\"description\":\"AXA Company GER \ud83c\udde9\ud83c\uddea\",\"potentialAction\":[{\"@type\":\"SearchAction\",\"target\":{\"@type\":\"EntryPoint\",\"urlTemplate\":\"https:\\\/\\\/axasecurity.com\\\/de\\\/?s={search_term_string}\"},\"query-input\":{\"@type\":\"PropertyValueSpecification\",\"valueRequired\":true,\"valueName\":\"search_term_string\"}}],\"inLanguage\":\"en-US\"}]}<\/script>\n<!-- \/ Yoast SEO plugin. -->","yoast_head_json":{"title":"Wer sind wir - OEM - AXA Company GER \ud83c\udde9\ud83c\uddea","description":"Wir haben eine breite Palette von Schl\u00f6ssern und Beleuchtung. Wir entwickeln auch ma\u00dfgeschneiderte L\u00f6sungen. F\u00fcr jedes Fahrrad eine L\u00f6sung.","robots":{"index":"index","follow":"follow","max-snippet":"max-snippet:-1","max-image-preview":"max-image-preview:large","max-video-preview":"max-video-preview:-1"},"canonical":"https:\/\/axasecurity.com\/de\/wie-zijn-wij-oem\/","og_locale":"en_US","og_type":"article","og_title":"Wer sind wir - OEM - AXA Company GER \ud83c\udde9\ud83c\uddea","og_description":"Wir haben eine breite Palette von Schl\u00f6ssern und Beleuchtung. Wir entwickeln auch ma\u00dfgeschneiderte L\u00f6sungen. F\u00fcr jedes Fahrrad eine L\u00f6sung.","og_url":"https:\/\/axasecurity.com\/de\/wie-zijn-wij-oem\/","og_site_name":"AXA Company GER \ud83c\udde9\ud83c\uddea","article_modified_time":"2024-04-30T11:16:12+00:00","twitter_card":"summary_large_image","schema":{"@context":"https:\/\/schema.org","@graph":[{"@type":"WebPage","@id":"https:\/\/axasecurity.com\/de\/wie-zijn-wij-oem\/","url":"https:\/\/axasecurity.com\/de\/wie-zijn-wij-oem\/","name":"Wer sind wir - OEM - AXA Company GER \ud83c\udde9\ud83c\uddea","isPartOf":{"@id":"https:\/\/axasecurity.com\/de\/#website"},"datePublished":"2024-04-24T14:18:21+00:00","dateModified":"2024-04-30T11:16:12+00:00","description":"Wir haben eine breite Palette von Schl\u00f6ssern und Beleuchtung. Wir entwickeln auch ma\u00dfgeschneiderte L\u00f6sungen. F\u00fcr jedes Fahrrad eine L\u00f6sung.","breadcrumb":{"@id":"https:\/\/axasecurity.com\/de\/wie-zijn-wij-oem\/#breadcrumb"},"inLanguage":"en-US","potentialAction":[{"@type":"ReadAction","target":["https:\/\/axasecurity.com\/de\/wie-zijn-wij-oem\/"]}]},{"@type":"BreadcrumbList","@id":"https:\/\/axasecurity.com\/de\/wie-zijn-wij-oem\/#breadcrumb","itemListElement":[{"@type":"ListItem","position":1,"name":"house","item":"https:\/\/axasecurity.com\/de\/"},{"@type":"ListItem","position":2,"name":"Wer sind wir &#8211; OEM"}]},{"@type":"WebSite","@id":"https:\/\/axasecurity.com\/de\/#website","url":"https:\/\/axasecurity.com\/de\/","name":"AXA Company GER \ud83c\udde9\ud83c\uddea","description":"AXA Company GER \ud83c\udde9\ud83c\uddea","potentialAction":[{"@type":"SearchAction","target":{"@type":"EntryPoint","urlTemplate":"https:\/\/axasecurity.com\/de\/?s={search_term_string}"},"query-input":{"@type":"PropertyValueSpecification","valueRequired":true,"valueName":"search_term_string"}}],"inLanguage":"en-US"}]}},"jetpack_sharing_enabled":true,"_links":{"self":[{"href":"https:\/\/axasecurity.com\/de\/wp-json\/wp\/v2\/pages\/16861","targetHints":{"allow":["GET"]}}],"collection":[{"href":"https:\/\/axasecurity.com\/de\/wp-json\/wp\/v2\/pages"}],"about":[{"href":"https:\/\/axasecurity.com\/de\/wp-json\/wp\/v2\/types\/page"}],"author":[{"embeddable":true,"href":"https:\/\/axasecurity.com\/de\/wp-json\/wp\/v2\/users\/17"}],"replies":[{"embeddable":true,"href":"https:\/\/axasecurity.com\/de\/wp-json\/wp\/v2\/comments?post=16861"}],"version-history":[{"count":7,"href":"https:\/\/axasecurity.com\/de\/wp-json\/wp\/v2\/pages\/16861\/revisions"}],"predecessor-version":[{"id":17139,"href":"https:\/\/axasecurity.com\/de\/wp-json\/wp\/v2\/pages\/16861\/revisions\/17139"}],"wp:attachment":[{"href":"https:\/\/axasecurity.com\/de\/wp-json\/wp\/v2\/media?parent=16861"}],"curies":[{"name":"wp","href":"https:\/\/api.w.org\/{rel}","templated":true}]}}