{"id":16864,"date":"2024-04-24T14:22:40","date_gmt":"2024-04-24T14:22:40","guid":{"rendered":"https:\/\/gps.allegion.com\/company\/?page_id=16864"},"modified":"2024-04-30T11:14:44","modified_gmt":"2024-04-30T11:14:44","slug":"wie-zijn-wij-axa-in","status":"publish","type":"page","link":"https:\/\/axasecurity.com\/de\/wie-zijn-wij-axa-in\/","title":{"rendered":"Wer sind wir &#8211; AXA-IN"},"content":{"rendered":"<section id=\"\" class=\"relative after:w-full after:h-full after:top-0 after:left-0 after:bg-[rgba(0,0,0,0.35)] after:absolute   !pt-[96px] is-layout-flex wp-block-acf-hero-is-layout-flex\" style=\"padding-top:16px; padding-bottom:136px; color: var(--wp--preset--color--font); \">\n\n\t\t\t\t<img loading=\"lazy\" decoding=\"async\" width=\"1920\" height=\"1181\" src=\"https:\/\/axasecurity.com\/de\/wp-content\/uploads\/sites\/16\/2024\/04\/AdobeStock_128385448.jpg?w=1920\" class=\"w-full h-full absolute top-0 left-0 object-cover \" alt=\"AXA-IN gps tracker\" srcset=\"https:\/\/axasecurity.com\/de\/wp-content\/uploads\/sites\/16\/2024\/04\/AdobeStock_128385448.jpg 1920w, https:\/\/axasecurity.com\/de\/wp-content\/uploads\/sites\/16\/2024\/04\/AdobeStock_128385448.jpg?resize=512,315 512w, https:\/\/axasecurity.com\/de\/wp-content\/uploads\/sites\/16\/2024\/04\/AdobeStock_128385448.jpg?resize=768,472 768w, https:\/\/axasecurity.com\/de\/wp-content\/uploads\/sites\/16\/2024\/04\/AdobeStock_128385448.jpg?resize=1536,945 1536w, https:\/\/axasecurity.com\/de\/wp-content\/uploads\/sites\/16\/2024\/04\/AdobeStock_128385448.jpg?resize=1317,810 1317w, https:\/\/axasecurity.com\/de\/wp-content\/uploads\/sites\/16\/2024\/04\/AdobeStock_128385448.jpg?resize=600,369 600w\" sizes=\"auto, (max-width: 1920px) 100vw, 1920px\" data-ot-ignore=\"\" \/>\n\t\n\t\n\t<div class=\"relative container z-10\">\n\n\t\t<div class=\"relative w-full lg:w-6\/12\">\n\t\t\t<div class=\"content text-white    \">\n\t\t\t\t    <h1 class=\"\">Smart L\u00f6sungen<\/h1>\n\t\t    <div class=\"text-white\">\n        <p>Wir stellen nicht nur mechanische Schl\u00f6sser her, sondern entwickeln auch elektronische L\u00f6sungen.<\/p>\n\n    <\/div>\n\t<\/div>\n\t\t<\/div>\n\n\t<\/div>\n<\/section>\n\n\n<section id=\"\" class=\"is-layout-flex wp-block-acf-content-image-is-layout-flex\" style=\"padding-top:var(--wp--preset--spacing--80); padding-bottom:var(--wp--preset--spacing--80); color: var(--wp--preset--color--font); \">\n\t<div class=\"container\">\n\n\t\t<div class=\"flex flex-col gap-10 lg:gap-0 lg:flex-row relative justify-start items-center justify-start \">\n\n\t\t\t<div class=\"w-full md:w-7\/12\">\n\t\t\t\t\t<img loading=\"lazy\" decoding=\"async\" width=\"500\" height=\"300\" src=\"https:\/\/axasecurity.com\/de\/wp-content\/uploads\/sites\/16\/2024\/04\/tracktrace_gettingstarted-1.jpg?w=500\" class=\"w-full rounded \" alt=\"AXA-iN Fietsendealer\" data-ot-ignore=\"\" \/>\n\t\t\t<\/div>\n\n\t\t\t<div class=\"w-full md:w-6\/12 lg:absolute top-1\/2 lg:-translate-y-1\/2 bg-white py-10 pl-9 pr-7 shadow-contentcard rounded-[2px] right-0\">\n\t\t\t\t<div class=\"content [&amp;_p]:text-[18px]    \">\n\t\t\t\t\t\t    <div class=\"[&amp;_p]:text-[18px]\">\n        <p>Unser GPS-Tracker AXA iN macht jedes Fahrrad intelligent. Durch den Einbau in ein E-Bike steht der Benutzer direkt mit seinem Fahrrad in Verbindung. Er kann zum Beispiel sehen, wie viele Kilometer er gefahren ist und welche Strecke er zur\u00fcckgelegt hat.<\/p>\n<p>Der Fahrradhersteller erh\u00e4lt \u00fcber AXA iN Einblick in die Nutzung des Fahrrads und kann direkt mit dem Benutzer in Kontakt treten und zum Beispiel eine Benachrichtigung senden, wenn es Zeit f\u00fcr eine Wartung ist.<\/p>\n\n    <\/div>\n\t<\/div>\n\t\t\t<\/div>\n\n\t\t<\/div>\n\n\t<\/div>\n<\/section>\n\n\n<section id=\"\" class=\"is-layout-flex wp-block-acf-content-image-is-layout-flex\" style=\"padding-top:var(--wp--preset--spacing--80); padding-bottom:var(--wp--preset--spacing--80); color: var(--wp--preset--color--font); \">\n\t<div class=\"container\">\n\n\t\t<div class=\"flex flex-col gap-10 lg:gap-0 lg:flex-row relative justify-end items-center justify-start \">\n\n\t\t\t<div class=\"w-full md:w-7\/12\">\n\t\t\t\t\t<img loading=\"lazy\" decoding=\"async\" width=\"2048\" height=\"1551\" src=\"https:\/\/axasecurity.com\/de\/wp-content\/uploads\/sites\/16\/2024\/04\/Unlocking-screens-with-lock-for-AXA-18.png?w=2048\" class=\"w-full rounded \" alt=\"AXA-IN app elektronisch ringslot\" srcset=\"https:\/\/axasecurity.com\/de\/wp-content\/uploads\/sites\/16\/2024\/04\/Unlocking-screens-with-lock-for-AXA-18.png 6494w, https:\/\/axasecurity.com\/de\/wp-content\/uploads\/sites\/16\/2024\/04\/Unlocking-screens-with-lock-for-AXA-18.png?resize=512,388 512w, https:\/\/axasecurity.com\/de\/wp-content\/uploads\/sites\/16\/2024\/04\/Unlocking-screens-with-lock-for-AXA-18.png?resize=768,581 768w, https:\/\/axasecurity.com\/de\/wp-content\/uploads\/sites\/16\/2024\/04\/Unlocking-screens-with-lock-for-AXA-18.png?resize=2048,1551 2048w, https:\/\/axasecurity.com\/de\/wp-content\/uploads\/sites\/16\/2024\/04\/Unlocking-screens-with-lock-for-AXA-18.png?resize=1536,1163 1536w, https:\/\/axasecurity.com\/de\/wp-content\/uploads\/sites\/16\/2024\/04\/Unlocking-screens-with-lock-for-AXA-18.png?resize=1070,810 1070w, https:\/\/axasecurity.com\/de\/wp-content\/uploads\/sites\/16\/2024\/04\/Unlocking-screens-with-lock-for-AXA-18.png?resize=600,454 600w\" sizes=\"auto, (max-width: 2048px) 100vw, 2048px\" data-ot-ignore=\"\" \/>\n\t\t\t<\/div>\n\n\t\t\t<div class=\"w-full md:w-6\/12 lg:absolute top-1\/2 lg:-translate-y-1\/2 bg-white py-10 pl-9 pr-7 shadow-contentcard rounded-[2px] left-0\">\n\t\t\t\t<div class=\"content [&amp;_p]:text-[18px]    \">\n\t\t\t\t\t\t    <div class=\"[&amp;_p]:text-[18px]\">\n        <p>Zus\u00e4tzlich haben wir ein elektronisches Ringschloss, das die L\u00f6sung f\u00fcr Fahrradvermietungen oder Fahrrad-Sharing-Unternehmen darstellt. \u00dcber die App k\u00f6nnen Sie das Schloss \u00f6ffnen und schlie\u00dfen und sehen, wo sich das Fahrrad befindet.<\/p>\n\n    <\/div>\n\t\t<div class=\"flex flex-wrap gap-4 md:gap-6 mt-6\">\n\t\t\t\t\t\t\n\t<a href=\"https:\/\/www.axa-in.com\/\" class=\"btn mt-6 btn--solid flex-row-reverse\" target=\"_blank\">\n\t\t\t\t\t\t\t        <div class=\"h-6 w-6 text-[24px] color: var(--wp--preset--color--font); flex justify-center items-center \">\n        <span class=\"material-symbols-rounded\">open_in_new<\/span>\n    <\/div>\n\t\t\t\tBekijk alle mogelijkheden hier\n\t<\/a>\n\t\t\t<\/div>\n\n<\/div>\n\t\t\t<\/div>\n\n\t\t<\/div>\n\n\t<\/div>\n<\/section>\n","protected":false},"excerpt":{"rendered":"","protected":false},"author":17,"featured_media":0,"parent":0,"menu_order":0,"comment_status":"closed","ping_status":"closed","template":"","meta":{"_acf_changed":false,"_trash_the_other_posts":false,"footnotes":""},"class_list":["post-16864","page","type-page","status-publish","hentry"],"acf":[],"yoast_head":"<!-- This site is optimized with the Yoast SEO plugin v27.4 - https:\/\/yoast.com\/product\/yoast-seo-wordpress\/ -->\n<title>Wer sind wir - AXA-IN - AXA Company GER \ud83c\udde9\ud83c\uddea<\/title>\n<meta name=\"description\" content=\"Wir stellen nicht nur mechanische Schl\u00f6sser her, sondern entwickeln auch elektronische L\u00f6sungen wie einen GPS-Tracker.\" \/>\n<meta name=\"robots\" content=\"index, follow, max-snippet:-1, max-image-preview:large, max-video-preview:-1\" \/>\n<link rel=\"canonical\" href=\"https:\/\/axasecurity.com\/de\/wie-zijn-wij-axa-in\/\" \/>\n<meta property=\"og:locale\" content=\"en_US\" \/>\n<meta property=\"og:type\" content=\"article\" \/>\n<meta property=\"og:title\" content=\"Wer sind wir - AXA-IN - AXA Company GER \ud83c\udde9\ud83c\uddea\" \/>\n<meta property=\"og:description\" content=\"Wir stellen nicht nur mechanische Schl\u00f6sser her, sondern entwickeln auch elektronische L\u00f6sungen wie einen GPS-Tracker.\" \/>\n<meta property=\"og:url\" content=\"https:\/\/axasecurity.com\/de\/wie-zijn-wij-axa-in\/\" \/>\n<meta property=\"og:site_name\" content=\"AXA Company GER \ud83c\udde9\ud83c\uddea\" \/>\n<meta property=\"article:modified_time\" content=\"2024-04-30T11:14:44+00:00\" \/>\n<meta name=\"twitter:card\" content=\"summary_large_image\" \/>\n<script type=\"application\/ld+json\" class=\"yoast-schema-graph\">{\"@context\":\"https:\\\/\\\/schema.org\",\"@graph\":[{\"@type\":\"WebPage\",\"@id\":\"https:\\\/\\\/axasecurity.com\\\/de\\\/wie-zijn-wij-axa-in\\\/\",\"url\":\"https:\\\/\\\/axasecurity.com\\\/de\\\/wie-zijn-wij-axa-in\\\/\",\"name\":\"Wer sind wir - AXA-IN - AXA Company GER \ud83c\udde9\ud83c\uddea\",\"isPartOf\":{\"@id\":\"https:\\\/\\\/axasecurity.com\\\/de\\\/#website\"},\"datePublished\":\"2024-04-24T14:22:40+00:00\",\"dateModified\":\"2024-04-30T11:14:44+00:00\",\"description\":\"Wir stellen nicht nur mechanische Schl\u00f6sser her, sondern entwickeln auch elektronische L\u00f6sungen wie einen GPS-Tracker.\",\"breadcrumb\":{\"@id\":\"https:\\\/\\\/axasecurity.com\\\/de\\\/wie-zijn-wij-axa-in\\\/#breadcrumb\"},\"inLanguage\":\"en-US\",\"potentialAction\":[{\"@type\":\"ReadAction\",\"target\":[\"https:\\\/\\\/axasecurity.com\\\/de\\\/wie-zijn-wij-axa-in\\\/\"]}]},{\"@type\":\"BreadcrumbList\",\"@id\":\"https:\\\/\\\/axasecurity.com\\\/de\\\/wie-zijn-wij-axa-in\\\/#breadcrumb\",\"itemListElement\":[{\"@type\":\"ListItem\",\"position\":1,\"name\":\"house\",\"item\":\"https:\\\/\\\/axasecurity.com\\\/de\\\/\"},{\"@type\":\"ListItem\",\"position\":2,\"name\":\"Wer sind wir &#8211; AXA-IN\"}]},{\"@type\":\"WebSite\",\"@id\":\"https:\\\/\\\/axasecurity.com\\\/de\\\/#website\",\"url\":\"https:\\\/\\\/axasecurity.com\\\/de\\\/\",\"name\":\"AXA Company GER \ud83c\udde9\ud83c\uddea\",\"description\":\"AXA Company GER \ud83c\udde9\ud83c\uddea\",\"potentialAction\":[{\"@type\":\"SearchAction\",\"target\":{\"@type\":\"EntryPoint\",\"urlTemplate\":\"https:\\\/\\\/axasecurity.com\\\/de\\\/?s={search_term_string}\"},\"query-input\":{\"@type\":\"PropertyValueSpecification\",\"valueRequired\":true,\"valueName\":\"search_term_string\"}}],\"inLanguage\":\"en-US\"}]}<\/script>\n<!-- \/ Yoast SEO plugin. -->","yoast_head_json":{"title":"Wer sind wir - AXA-IN - AXA Company GER \ud83c\udde9\ud83c\uddea","description":"Wir stellen nicht nur mechanische Schl\u00f6sser her, sondern entwickeln auch elektronische L\u00f6sungen wie einen GPS-Tracker.","robots":{"index":"index","follow":"follow","max-snippet":"max-snippet:-1","max-image-preview":"max-image-preview:large","max-video-preview":"max-video-preview:-1"},"canonical":"https:\/\/axasecurity.com\/de\/wie-zijn-wij-axa-in\/","og_locale":"en_US","og_type":"article","og_title":"Wer sind wir - AXA-IN - AXA Company GER \ud83c\udde9\ud83c\uddea","og_description":"Wir stellen nicht nur mechanische Schl\u00f6sser her, sondern entwickeln auch elektronische L\u00f6sungen wie einen GPS-Tracker.","og_url":"https:\/\/axasecurity.com\/de\/wie-zijn-wij-axa-in\/","og_site_name":"AXA Company GER \ud83c\udde9\ud83c\uddea","article_modified_time":"2024-04-30T11:14:44+00:00","twitter_card":"summary_large_image","schema":{"@context":"https:\/\/schema.org","@graph":[{"@type":"WebPage","@id":"https:\/\/axasecurity.com\/de\/wie-zijn-wij-axa-in\/","url":"https:\/\/axasecurity.com\/de\/wie-zijn-wij-axa-in\/","name":"Wer sind wir - AXA-IN - AXA Company GER \ud83c\udde9\ud83c\uddea","isPartOf":{"@id":"https:\/\/axasecurity.com\/de\/#website"},"datePublished":"2024-04-24T14:22:40+00:00","dateModified":"2024-04-30T11:14:44+00:00","description":"Wir stellen nicht nur mechanische Schl\u00f6sser her, sondern entwickeln auch elektronische L\u00f6sungen wie einen GPS-Tracker.","breadcrumb":{"@id":"https:\/\/axasecurity.com\/de\/wie-zijn-wij-axa-in\/#breadcrumb"},"inLanguage":"en-US","potentialAction":[{"@type":"ReadAction","target":["https:\/\/axasecurity.com\/de\/wie-zijn-wij-axa-in\/"]}]},{"@type":"BreadcrumbList","@id":"https:\/\/axasecurity.com\/de\/wie-zijn-wij-axa-in\/#breadcrumb","itemListElement":[{"@type":"ListItem","position":1,"name":"house","item":"https:\/\/axasecurity.com\/de\/"},{"@type":"ListItem","position":2,"name":"Wer sind wir &#8211; AXA-IN"}]},{"@type":"WebSite","@id":"https:\/\/axasecurity.com\/de\/#website","url":"https:\/\/axasecurity.com\/de\/","name":"AXA Company GER \ud83c\udde9\ud83c\uddea","description":"AXA Company GER \ud83c\udde9\ud83c\uddea","potentialAction":[{"@type":"SearchAction","target":{"@type":"EntryPoint","urlTemplate":"https:\/\/axasecurity.com\/de\/?s={search_term_string}"},"query-input":{"@type":"PropertyValueSpecification","valueRequired":true,"valueName":"search_term_string"}}],"inLanguage":"en-US"}]}},"jetpack_sharing_enabled":true,"_links":{"self":[{"href":"https:\/\/axasecurity.com\/de\/wp-json\/wp\/v2\/pages\/16864","targetHints":{"allow":["GET"]}}],"collection":[{"href":"https:\/\/axasecurity.com\/de\/wp-json\/wp\/v2\/pages"}],"about":[{"href":"https:\/\/axasecurity.com\/de\/wp-json\/wp\/v2\/types\/page"}],"author":[{"embeddable":true,"href":"https:\/\/axasecurity.com\/de\/wp-json\/wp\/v2\/users\/17"}],"replies":[{"embeddable":true,"href":"https:\/\/axasecurity.com\/de\/wp-json\/wp\/v2\/comments?post=16864"}],"version-history":[{"count":13,"href":"https:\/\/axasecurity.com\/de\/wp-json\/wp\/v2\/pages\/16864\/revisions"}],"predecessor-version":[{"id":17138,"href":"https:\/\/axasecurity.com\/de\/wp-json\/wp\/v2\/pages\/16864\/revisions\/17138"}],"wp:attachment":[{"href":"https:\/\/axasecurity.com\/de\/wp-json\/wp\/v2\/media?parent=16864"}],"curies":[{"name":"wp","href":"https:\/\/api.w.org\/{rel}","templated":true}]}}