{"id":16871,"date":"2024-04-24T14:44:35","date_gmt":"2024-04-24T14:44:35","guid":{"rendered":"https:\/\/gps.allegion.com\/company\/?page_id=16871"},"modified":"2024-07-17T12:08:36","modified_gmt":"2024-07-17T12:08:36","slug":"wie-zijn-wij-allegion","status":"publish","type":"page","link":"https:\/\/axasecurity.com\/de\/wie-zijn-wij-allegion\/","title":{"rendered":"Wer sind wir &#8211; Allegion"},"content":{"rendered":"<section id=\"\" class=\"relative after:w-full after:h-full after:top-0 after:left-0 after:bg-[rgba(0,0,0,0.35)] after:absolute   !pt-[96px] is-layout-flex wp-block-acf-hero-is-layout-flex\" style=\"padding-top:16px; padding-bottom:136px; color: var(--wp--preset--color--font); \">\n\n\t\t\t\t<img loading=\"lazy\" decoding=\"async\" width=\"2048\" height=\"1365\" src=\"https:\/\/axasecurity.com\/de\/wp-content\/uploads\/sites\/16\/2024\/05\/Allegion.jpeg?w=2048\" class=\"w-full h-full absolute top-0 left-0 object-cover \" alt=\"\" srcset=\"https:\/\/axasecurity.com\/de\/wp-content\/uploads\/sites\/16\/2024\/05\/Allegion.jpeg 3464w, https:\/\/axasecurity.com\/de\/wp-content\/uploads\/sites\/16\/2024\/05\/Allegion.jpeg?resize=512,341 512w, https:\/\/axasecurity.com\/de\/wp-content\/uploads\/sites\/16\/2024\/05\/Allegion.jpeg?resize=768,512 768w, https:\/\/axasecurity.com\/de\/wp-content\/uploads\/sites\/16\/2024\/05\/Allegion.jpeg?resize=2048,1365 2048w, https:\/\/axasecurity.com\/de\/wp-content\/uploads\/sites\/16\/2024\/05\/Allegion.jpeg?resize=1536,1024 1536w, https:\/\/axasecurity.com\/de\/wp-content\/uploads\/sites\/16\/2024\/05\/Allegion.jpeg?resize=1215,810 1215w, https:\/\/axasecurity.com\/de\/wp-content\/uploads\/sites\/16\/2024\/05\/Allegion.jpeg?resize=600,400 600w\" sizes=\"auto, (max-width: 2048px) 100vw, 2048px\" data-ot-ignore=\"\" \/>\n\t\n\t\n\t<div class=\"relative container z-10\">\n\n\t\t<div class=\"relative w-full lg:w-6\/12\">\n\t\t\t<div class=\"content text-white    \">\n\t\t\t\t    <h1 class=\"\">Wir sind Teil der Allegion-Gruppe.<\/h1>\n\t\t    <div class=\"text-white\">\n        <p>Seit 2015 ist AXA Teil der Allegion-Gruppe.<\/p>\n\n    <\/div>\n\t<\/div>\n\t\t<\/div>\n\n\t<\/div>\n<\/section>\n\n\n<section id=\"\" class=\"is-layout-flex wp-block-acf-content-image-is-layout-flex\" style=\"padding-top:var(--wp--preset--spacing--80); padding-bottom:var(--wp--preset--spacing--80); color: var(--wp--preset--color--font); \">\n\t<div class=\"container\">\n\n\t\t<div class=\"flex flex-col gap-10 lg:gap-0 lg:flex-row relative justify-start items-center justify-start \">\n\n\t\t\t<div class=\"w-full md:w-7\/12\">\n\t\t\t\t\t<img loading=\"lazy\" decoding=\"async\" width=\"2048\" height=\"1527\" src=\"https:\/\/axasecurity.com\/de\/wp-content\/uploads\/sites\/16\/2024\/05\/Allegion-Home.jpeg?w=2048\" class=\"w-full rounded \" alt=\"\" srcset=\"https:\/\/axasecurity.com\/de\/wp-content\/uploads\/sites\/16\/2024\/05\/Allegion-Home.jpeg 2860w, https:\/\/axasecurity.com\/de\/wp-content\/uploads\/sites\/16\/2024\/05\/Allegion-Home.jpeg?resize=512,382 512w, https:\/\/axasecurity.com\/de\/wp-content\/uploads\/sites\/16\/2024\/05\/Allegion-Home.jpeg?resize=768,573 768w, https:\/\/axasecurity.com\/de\/wp-content\/uploads\/sites\/16\/2024\/05\/Allegion-Home.jpeg?resize=2048,1527 2048w, https:\/\/axasecurity.com\/de\/wp-content\/uploads\/sites\/16\/2024\/05\/Allegion-Home.jpeg?resize=1536,1146 1536w, https:\/\/axasecurity.com\/de\/wp-content\/uploads\/sites\/16\/2024\/05\/Allegion-Home.jpeg?resize=1086,810 1086w, https:\/\/axasecurity.com\/de\/wp-content\/uploads\/sites\/16\/2024\/05\/Allegion-Home.jpeg?resize=600,447 600w\" sizes=\"auto, (max-width: 2048px) 100vw, 2048px\" data-ot-ignore=\"\" \/>\n\t\t\t<\/div>\n\n\t\t\t<div class=\"w-full md:w-6\/12 lg:absolute top-1\/2 lg:-translate-y-1\/2 bg-white py-10 pl-9 pr-7 shadow-contentcard rounded-[2px] right-0\">\n\t\t\t\t<div class=\"content [&amp;_p]:text-[18px]    \">\n\t\t\t\t\t\t    <div class=\"[&amp;_p]:text-[18px]\">\n        <p>Dieser f\u00fchrende Anbieter von Sicherheitsprodukten und -l\u00f6sungen f\u00fcr Wohnungen, Unternehmen und Fahrr\u00e4der ist auf Sicherheit rund um die T\u00fcr und dar\u00fcber hinaus spezialisiert: von Wohn- und Gewerbeschl\u00f6ssern, T\u00fcrschlie\u00dfern und Ausg\u00e4ngen bis hin zu Fahrradschl\u00f6ssern und Beleuchtung.<\/p>\n\n    <\/div>\n\t\t<div class=\"flex flex-wrap gap-4 md:gap-6 mt-6\">\n\t\t\t\t\t\t\n\t<a href=\"https:\/\/www.allegion.com\/corp\/en\/index.html\" class=\"btn mt-6 btn--solid flex-row-reverse\" target=\"_blank\">\n\t\t\t\t\t\t\t        <div class=\"h-6 w-6 text-[24px] color: var(--wp--preset--color--font); flex justify-center items-center \">\n        <span class=\"material-symbols-rounded\">open_in_new<\/span>\n    <\/div>\n\t\t\t\tAllegion website\n\t<\/a>\n\t\t\t<\/div>\n\n<\/div>\n\t\t\t<\/div>\n\n\t\t<\/div>\n\n\t<\/div>\n<\/section>\n\n\n<section id=\"\" class=\"is-layout-flex wp-block-acf-content-image-is-layout-flex\" style=\"padding-top:var(--wp--preset--spacing--80); padding-bottom:var(--wp--preset--spacing--80); color: var(--wp--preset--color--font); \">\n\t<div class=\"container\">\n\n\t\t<div class=\"flex flex-col gap-10 lg:gap-0 lg:flex-row relative justify-end items-center justify-start \">\n\n\t\t\t<div class=\"w-full md:w-7\/12\">\n\t\t\t\t\t<img loading=\"lazy\" decoding=\"async\" width=\"1600\" height=\"1200\" src=\"https:\/\/axasecurity.com\/de\/wp-content\/uploads\/sites\/16\/2024\/06\/Allegion_Values.png?w=1600\" class=\"w-full rounded \" alt=\"\" srcset=\"https:\/\/axasecurity.com\/de\/wp-content\/uploads\/sites\/16\/2024\/06\/Allegion_Values.png 1600w, https:\/\/axasecurity.com\/de\/wp-content\/uploads\/sites\/16\/2024\/06\/Allegion_Values.png?resize=512,384 512w, https:\/\/axasecurity.com\/de\/wp-content\/uploads\/sites\/16\/2024\/06\/Allegion_Values.png?resize=768,576 768w, https:\/\/axasecurity.com\/de\/wp-content\/uploads\/sites\/16\/2024\/06\/Allegion_Values.png?resize=1536,1152 1536w, https:\/\/axasecurity.com\/de\/wp-content\/uploads\/sites\/16\/2024\/06\/Allegion_Values.png?resize=1080,810 1080w, https:\/\/axasecurity.com\/de\/wp-content\/uploads\/sites\/16\/2024\/06\/Allegion_Values.png?resize=600,450 600w\" sizes=\"auto, (max-width: 1600px) 100vw, 1600px\" data-ot-ignore=\"\" \/>\n\t\t\t<\/div>\n\n\t\t\t<div class=\"w-full md:w-6\/12 lg:absolute top-1\/2 lg:-translate-y-1\/2 bg-white py-10 pl-9 pr-7 shadow-contentcard rounded-[2px] left-0\">\n\t\t\t\t<div class=\"content [&amp;_p]:text-[18px]    \">\n\t\t\t\t\t\t\t    <h3 id=\"block_acf-block-6697b443285717.31917558\" class=\"\">Allegion-Werte<\/h3>\n\t\t\t    <div class=\"[&amp;_p]:text-[18px]\">\n        <p>Unsere acht Werte bilden das Herz der Allegion-Kultur; sie sind genauso echt und aufrichtig wie die Menschen von Allegion und wir nutzen sie jeden Tag. Sie helfen uns als Mitarbeiter und als Organisation dabei, in nahezu jeder Situation oder Entscheidung zu bestimmen, was am wichtigsten ist.<\/p>\n\n    <\/div>\n\t<\/div>\n\t\t\t<\/div>\n\n\t\t<\/div>\n\n\t<\/div>\n<\/section>\n\n\n<section id=\"\" class=\"is-layout-flex wp-block-acf-content-image-is-layout-flex\" style=\"padding-top:var(--wp--preset--spacing--80); padding-bottom:var(--wp--preset--spacing--80); color: var(--wp--preset--color--font); \">\n\t<div class=\"container\">\n\n\t\t<div class=\"flex flex-col gap-10 lg:gap-0 lg:flex-row relative justify-start items-center justify-start \">\n\n\t\t\t<div class=\"w-full md:w-7\/12\">\n\t\t\t\t\t<img loading=\"lazy\" decoding=\"async\" width=\"1333\" height=\"1000\" src=\"https:\/\/axasecurity.com\/de\/wp-content\/uploads\/sites\/16\/2024\/04\/AXA_Kryptonite_Trelock_PMS.jpg?w=1333\" class=\"w-full rounded \" alt=\"GPS logo\" srcset=\"https:\/\/axasecurity.com\/de\/wp-content\/uploads\/sites\/16\/2024\/04\/AXA_Kryptonite_Trelock_PMS.jpg 1333w, https:\/\/axasecurity.com\/de\/wp-content\/uploads\/sites\/16\/2024\/04\/AXA_Kryptonite_Trelock_PMS.jpg?resize=512,384 512w, https:\/\/axasecurity.com\/de\/wp-content\/uploads\/sites\/16\/2024\/04\/AXA_Kryptonite_Trelock_PMS.jpg?resize=768,576 768w, https:\/\/axasecurity.com\/de\/wp-content\/uploads\/sites\/16\/2024\/04\/AXA_Kryptonite_Trelock_PMS.jpg?resize=1080,810 1080w, https:\/\/axasecurity.com\/de\/wp-content\/uploads\/sites\/16\/2024\/04\/AXA_Kryptonite_Trelock_PMS.jpg?resize=600,450 600w\" sizes=\"auto, (max-width: 1333px) 100vw, 1333px\" data-ot-ignore=\"\" \/>\n\t\t\t<\/div>\n\n\t\t\t<div class=\"w-full md:w-6\/12 lg:absolute top-1\/2 lg:-translate-y-1\/2 bg-white py-10 pl-9 pr-7 shadow-contentcard rounded-[2px] right-0\">\n\t\t\t\t<div class=\"content [&amp;_p]:text-[18px]    \">\n\t\t\t\t\t\t\t    <h3 id=\"block_acf-block-6697b443285983.45839063\" class=\"\">Weltweite tragbare Sicherheit<\/h3>\n\t\t\t    <div class=\"[&amp;_p]:text-[18px]\">\n        <p>Die Global Portable Security-Division (GPS) ist eine der drei Gesch\u00e4ftseinheiten innerhalb von Allegion Europe. Die drei Marken, die GPS bilden, sind AXA Bike &amp; Home Security, Trelock und Kryptonite. Zusammen schreiben diese drei Marken seit \u00fcber 300 Jahren Geschichte in der Fahrrad- und Heimindustrie.<\/p>\n\n    <\/div>\n\t<\/div>\n\t\t\t<\/div>\n\n\t\t<\/div>\n\n\t<\/div>\n<\/section>\n","protected":false},"excerpt":{"rendered":"","protected":false},"author":17,"featured_media":0,"parent":0,"menu_order":0,"comment_status":"closed","ping_status":"closed","template":"","meta":{"_acf_changed":false,"_trash_the_other_posts":false,"footnotes":""},"class_list":["post-16871","page","type-page","status-publish","hentry"],"acf":[],"yoast_head":"<!-- This site is optimized with the Yoast SEO plugin v27.4 - https:\/\/yoast.com\/product\/yoast-seo-wordpress\/ -->\n<title>Wer sind wir - Allegion - AXA Company GER \ud83c\udde9\ud83c\uddea<\/title>\n<meta name=\"description\" content=\"Allegion ist ein f\u00fchrender Anbieter von Sicherheitsprodukten f\u00fcr Wohnungen, Unternehmen und Fahrr\u00e4der. Erfahren Sie hier mehr.\" \/>\n<meta name=\"robots\" content=\"index, follow, max-snippet:-1, max-image-preview:large, max-video-preview:-1\" \/>\n<link rel=\"canonical\" href=\"https:\/\/axasecurity.com\/de\/wie-zijn-wij-allegion\/\" \/>\n<meta property=\"og:locale\" content=\"en_US\" \/>\n<meta property=\"og:type\" content=\"article\" \/>\n<meta property=\"og:title\" content=\"Wer sind wir - Allegion - AXA Company GER \ud83c\udde9\ud83c\uddea\" \/>\n<meta property=\"og:description\" content=\"Allegion ist ein f\u00fchrender Anbieter von Sicherheitsprodukten f\u00fcr Wohnungen, Unternehmen und Fahrr\u00e4der. Erfahren Sie hier mehr.\" \/>\n<meta property=\"og:url\" content=\"https:\/\/axasecurity.com\/de\/wie-zijn-wij-allegion\/\" \/>\n<meta property=\"og:site_name\" content=\"AXA Company GER \ud83c\udde9\ud83c\uddea\" \/>\n<meta property=\"article:modified_time\" content=\"2024-07-17T12:08:36+00:00\" \/>\n<meta name=\"twitter:card\" content=\"summary_large_image\" \/>\n<script type=\"application\/ld+json\" class=\"yoast-schema-graph\">{\"@context\":\"https:\\\/\\\/schema.org\",\"@graph\":[{\"@type\":\"WebPage\",\"@id\":\"https:\\\/\\\/axasecurity.com\\\/de\\\/wie-zijn-wij-allegion\\\/\",\"url\":\"https:\\\/\\\/axasecurity.com\\\/de\\\/wie-zijn-wij-allegion\\\/\",\"name\":\"Wer sind wir - Allegion - AXA Company GER \ud83c\udde9\ud83c\uddea\",\"isPartOf\":{\"@id\":\"https:\\\/\\\/axasecurity.com\\\/de\\\/#website\"},\"datePublished\":\"2024-04-24T14:44:35+00:00\",\"dateModified\":\"2024-07-17T12:08:36+00:00\",\"description\":\"Allegion ist ein f\u00fchrender Anbieter von Sicherheitsprodukten f\u00fcr Wohnungen, Unternehmen und Fahrr\u00e4der. Erfahren Sie hier mehr.\",\"breadcrumb\":{\"@id\":\"https:\\\/\\\/axasecurity.com\\\/de\\\/wie-zijn-wij-allegion\\\/#breadcrumb\"},\"inLanguage\":\"en-US\",\"potentialAction\":[{\"@type\":\"ReadAction\",\"target\":[\"https:\\\/\\\/axasecurity.com\\\/de\\\/wie-zijn-wij-allegion\\\/\"]}]},{\"@type\":\"BreadcrumbList\",\"@id\":\"https:\\\/\\\/axasecurity.com\\\/de\\\/wie-zijn-wij-allegion\\\/#breadcrumb\",\"itemListElement\":[{\"@type\":\"ListItem\",\"position\":1,\"name\":\"house\",\"item\":\"https:\\\/\\\/axasecurity.com\\\/de\\\/\"},{\"@type\":\"ListItem\",\"position\":2,\"name\":\"Wer sind wir &#8211; Allegion\"}]},{\"@type\":\"WebSite\",\"@id\":\"https:\\\/\\\/axasecurity.com\\\/de\\\/#website\",\"url\":\"https:\\\/\\\/axasecurity.com\\\/de\\\/\",\"name\":\"AXA Company GER \ud83c\udde9\ud83c\uddea\",\"description\":\"AXA Company GER \ud83c\udde9\ud83c\uddea\",\"potentialAction\":[{\"@type\":\"SearchAction\",\"target\":{\"@type\":\"EntryPoint\",\"urlTemplate\":\"https:\\\/\\\/axasecurity.com\\\/de\\\/?s={search_term_string}\"},\"query-input\":{\"@type\":\"PropertyValueSpecification\",\"valueRequired\":true,\"valueName\":\"search_term_string\"}}],\"inLanguage\":\"en-US\"}]}<\/script>\n<!-- \/ Yoast SEO plugin. -->","yoast_head_json":{"title":"Wer sind wir - Allegion - AXA Company GER \ud83c\udde9\ud83c\uddea","description":"Allegion ist ein f\u00fchrender Anbieter von Sicherheitsprodukten f\u00fcr Wohnungen, Unternehmen und Fahrr\u00e4der. Erfahren Sie hier mehr.","robots":{"index":"index","follow":"follow","max-snippet":"max-snippet:-1","max-image-preview":"max-image-preview:large","max-video-preview":"max-video-preview:-1"},"canonical":"https:\/\/axasecurity.com\/de\/wie-zijn-wij-allegion\/","og_locale":"en_US","og_type":"article","og_title":"Wer sind wir - Allegion - AXA Company GER \ud83c\udde9\ud83c\uddea","og_description":"Allegion ist ein f\u00fchrender Anbieter von Sicherheitsprodukten f\u00fcr Wohnungen, Unternehmen und Fahrr\u00e4der. Erfahren Sie hier mehr.","og_url":"https:\/\/axasecurity.com\/de\/wie-zijn-wij-allegion\/","og_site_name":"AXA Company GER \ud83c\udde9\ud83c\uddea","article_modified_time":"2024-07-17T12:08:36+00:00","twitter_card":"summary_large_image","schema":{"@context":"https:\/\/schema.org","@graph":[{"@type":"WebPage","@id":"https:\/\/axasecurity.com\/de\/wie-zijn-wij-allegion\/","url":"https:\/\/axasecurity.com\/de\/wie-zijn-wij-allegion\/","name":"Wer sind wir - Allegion - AXA Company GER \ud83c\udde9\ud83c\uddea","isPartOf":{"@id":"https:\/\/axasecurity.com\/de\/#website"},"datePublished":"2024-04-24T14:44:35+00:00","dateModified":"2024-07-17T12:08:36+00:00","description":"Allegion ist ein f\u00fchrender Anbieter von Sicherheitsprodukten f\u00fcr Wohnungen, Unternehmen und Fahrr\u00e4der. Erfahren Sie hier mehr.","breadcrumb":{"@id":"https:\/\/axasecurity.com\/de\/wie-zijn-wij-allegion\/#breadcrumb"},"inLanguage":"en-US","potentialAction":[{"@type":"ReadAction","target":["https:\/\/axasecurity.com\/de\/wie-zijn-wij-allegion\/"]}]},{"@type":"BreadcrumbList","@id":"https:\/\/axasecurity.com\/de\/wie-zijn-wij-allegion\/#breadcrumb","itemListElement":[{"@type":"ListItem","position":1,"name":"house","item":"https:\/\/axasecurity.com\/de\/"},{"@type":"ListItem","position":2,"name":"Wer sind wir &#8211; Allegion"}]},{"@type":"WebSite","@id":"https:\/\/axasecurity.com\/de\/#website","url":"https:\/\/axasecurity.com\/de\/","name":"AXA Company GER \ud83c\udde9\ud83c\uddea","description":"AXA Company GER \ud83c\udde9\ud83c\uddea","potentialAction":[{"@type":"SearchAction","target":{"@type":"EntryPoint","urlTemplate":"https:\/\/axasecurity.com\/de\/?s={search_term_string}"},"query-input":{"@type":"PropertyValueSpecification","valueRequired":true,"valueName":"search_term_string"}}],"inLanguage":"en-US"}]}},"jetpack_sharing_enabled":true,"_links":{"self":[{"href":"https:\/\/axasecurity.com\/de\/wp-json\/wp\/v2\/pages\/16871","targetHints":{"allow":["GET"]}}],"collection":[{"href":"https:\/\/axasecurity.com\/de\/wp-json\/wp\/v2\/pages"}],"about":[{"href":"https:\/\/axasecurity.com\/de\/wp-json\/wp\/v2\/types\/page"}],"author":[{"embeddable":true,"href":"https:\/\/axasecurity.com\/de\/wp-json\/wp\/v2\/users\/17"}],"replies":[{"embeddable":true,"href":"https:\/\/axasecurity.com\/de\/wp-json\/wp\/v2\/comments?post=16871"}],"version-history":[{"count":23,"href":"https:\/\/axasecurity.com\/de\/wp-json\/wp\/v2\/pages\/16871\/revisions"}],"predecessor-version":[{"id":17171,"href":"https:\/\/axasecurity.com\/de\/wp-json\/wp\/v2\/pages\/16871\/revisions\/17171"}],"wp:attachment":[{"href":"https:\/\/axasecurity.com\/de\/wp-json\/wp\/v2\/media?parent=16871"}],"curies":[{"name":"wp","href":"https:\/\/api.w.org\/{rel}","templated":true}]}}