{"id":16918,"date":"2024-04-24T14:48:55","date_gmt":"2024-04-24T14:48:55","guid":{"rendered":"https:\/\/gps.allegion.com\/company\/?page_id=16918"},"modified":"2024-08-20T11:01:08","modified_gmt":"2024-08-20T11:01:08","slug":"wie-zijn-wij-axa-home-security","status":"publish","type":"page","link":"https:\/\/axasecurity.com\/de\/wie-zijn-wij-axa-home-security\/","title":{"rendered":"Wer sind wir &#8211; AXA Home Security"},"content":{"rendered":"<section id=\"\" class=\"relative after:w-full after:h-full after:top-0 after:left-0 after:bg-[rgba(0,0,0,0.35)] after:absolute   !pt-[96px] is-layout-flex wp-block-acf-hero-is-layout-flex\" style=\"padding-top:16px; padding-bottom:136px; color: var(--wp--preset--color--font); \">\n\n\t\t\t\t<img loading=\"lazy\" decoding=\"async\" width=\"2048\" height=\"1365\" src=\"https:\/\/axasecurity.com\/de\/wp-content\/uploads\/sites\/16\/2024\/04\/AXA-Home-voordeur.jpg?w=2048\" class=\"w-full h-full absolute top-0 left-0 object-cover \" alt=\"AXA-Home-voordeur\" srcset=\"https:\/\/axasecurity.com\/de\/wp-content\/uploads\/sites\/16\/2024\/04\/AXA-Home-voordeur.jpg 3000w, https:\/\/axasecurity.com\/de\/wp-content\/uploads\/sites\/16\/2024\/04\/AXA-Home-voordeur.jpg?resize=512,341 512w, https:\/\/axasecurity.com\/de\/wp-content\/uploads\/sites\/16\/2024\/04\/AXA-Home-voordeur.jpg?resize=768,512 768w, https:\/\/axasecurity.com\/de\/wp-content\/uploads\/sites\/16\/2024\/04\/AXA-Home-voordeur.jpg?resize=2048,1365 2048w, https:\/\/axasecurity.com\/de\/wp-content\/uploads\/sites\/16\/2024\/04\/AXA-Home-voordeur.jpg?resize=1536,1024 1536w, https:\/\/axasecurity.com\/de\/wp-content\/uploads\/sites\/16\/2024\/04\/AXA-Home-voordeur.jpg?resize=1215,810 1215w, https:\/\/axasecurity.com\/de\/wp-content\/uploads\/sites\/16\/2024\/04\/AXA-Home-voordeur.jpg?resize=600,400 600w\" sizes=\"auto, (max-width: 2048px) 100vw, 2048px\" data-ot-ignore=\"\" \/>\n\t\n\t\n\t<div class=\"relative container z-10\">\n\n\t\t<div class=\"relative w-full lg:w-6\/12\">\n\t\t\t<div class=\"content text-white    \">\n\t\t\t\t    <h1 class=\"\">AXA Home Security<\/h1>\n\t\t    <div class=\"text-white\">\n        <p>Eisenhart seit 1902<\/p>\n\n    <\/div>\n\t<\/div>\n\t\t<\/div>\n\n\t<\/div>\n<\/section>\n\n\n<section id=\"\" class=\"is-layout-flex wp-block-acf-content-image-is-layout-flex\" style=\"padding-top:var(--wp--preset--spacing--80); padding-bottom:var(--wp--preset--spacing--80); color: var(--wp--preset--color--font); \">\n\t<div class=\"container\">\n\n\t\t<div class=\"flex flex-col gap-10 lg:gap-0 lg:flex-row relative justify-start items-center justify-start \">\n\n\t\t\t<div class=\"w-full md:w-7\/12\">\n\t\t\t\t\t<div class=\"rounded-[2px] overflow-hidden\">\n\t\t\t\t<img loading=\"lazy\" decoding=\"async\" width=\"2048\" height=\"1339\" src=\"https:\/\/axasecurity.com\/de\/wp-content\/uploads\/sites\/16\/2024\/04\/AXA-Home-veilig-op-vakantie.jpg?w=2048\" class=\"w-full media-cutoff \" alt=\"AXA-Home-veilig-op-vakantie\" srcset=\"https:\/\/axasecurity.com\/de\/wp-content\/uploads\/sites\/16\/2024\/04\/AXA-Home-veilig-op-vakantie.jpg 3315w, https:\/\/axasecurity.com\/de\/wp-content\/uploads\/sites\/16\/2024\/04\/AXA-Home-veilig-op-vakantie.jpg?resize=512,335 512w, https:\/\/axasecurity.com\/de\/wp-content\/uploads\/sites\/16\/2024\/04\/AXA-Home-veilig-op-vakantie.jpg?resize=768,502 768w, https:\/\/axasecurity.com\/de\/wp-content\/uploads\/sites\/16\/2024\/04\/AXA-Home-veilig-op-vakantie.jpg?resize=2048,1339 2048w, https:\/\/axasecurity.com\/de\/wp-content\/uploads\/sites\/16\/2024\/04\/AXA-Home-veilig-op-vakantie.jpg?resize=1536,1004 1536w, https:\/\/axasecurity.com\/de\/wp-content\/uploads\/sites\/16\/2024\/04\/AXA-Home-veilig-op-vakantie.jpg?resize=1239,810 1239w, https:\/\/axasecurity.com\/de\/wp-content\/uploads\/sites\/16\/2024\/04\/AXA-Home-veilig-op-vakantie.jpg?resize=600,392 600w\" sizes=\"auto, (max-width: 2048px) 100vw, 2048px\" data-ot-ignore=\"\" \/>\n\t<\/div>\n\t\t\t<\/div>\n\n\t\t\t<div class=\"w-full md:w-6\/12 lg:absolute top-1\/2 lg:-translate-y-1\/2 bg-white py-10 pl-9 pr-7 shadow-contentcard rounded-[2px] right-0\">\n\t\t\t\t<div class=\"content [&amp;_p]:text-[18px]    \">\n\t\t\t\t\t\t\t    <h3 id=\"block_acf-block-66c477736286a4.87082547\" class=\"\">Selbstverst\u00e4ndliche Sorglosigkeit<\/h3>\n\t\t\t    <div class=\"[&amp;_p]:text-[18px]\">\n        <p>AXA Home Security ist ein Begriff. Die Marke ist als zuverl\u00e4ssiger niederl\u00e4ndischer Lieferant von Schlie\u00df- und Sicherheitssystemen bekannt. In den letzten 120 Jahren haben wir uns einen eisernen Ruf als Spezialist f\u00fcr verschiedene (Sicherheits)produkte zum \u00d6ffnen und Schlie\u00dfen von T\u00fcren und Fenstern aufgebaut.<\/p>\n\n    <\/div>\n\t<\/div>\n\t\t\t<\/div>\n\n\t\t<\/div>\n\n\t<\/div>\n<\/section>\n\n\n<section id=\"\" class=\"is-layout-flex wp-block-acf-content-image-is-layout-flex\" style=\"padding-top:var(--wp--preset--spacing--80); padding-bottom:var(--wp--preset--spacing--80); color: var(--wp--preset--color--font); \">\n\t<div class=\"container\">\n\n\t\t<div class=\"flex flex-col gap-10 lg:gap-0 lg:flex-row relative justify-end items-center justify-start \">\n\n\t\t\t<div class=\"w-full md:w-7\/12\">\n\t\t\t\t\t<div class=\"rounded-[2px] overflow-hidden\">\n\t\t\t\t<img loading=\"lazy\" decoding=\"async\" width=\"2048\" height=\"1365\" src=\"https:\/\/axasecurity.com\/de\/wp-content\/uploads\/sites\/16\/2024\/04\/AXA-Home-voordeur.jpg?w=2048\" class=\"w-full media-cutoff \" alt=\"AXA-Home-voordeur\" srcset=\"https:\/\/axasecurity.com\/de\/wp-content\/uploads\/sites\/16\/2024\/04\/AXA-Home-voordeur.jpg 3000w, https:\/\/axasecurity.com\/de\/wp-content\/uploads\/sites\/16\/2024\/04\/AXA-Home-voordeur.jpg?resize=512,341 512w, https:\/\/axasecurity.com\/de\/wp-content\/uploads\/sites\/16\/2024\/04\/AXA-Home-voordeur.jpg?resize=768,512 768w, https:\/\/axasecurity.com\/de\/wp-content\/uploads\/sites\/16\/2024\/04\/AXA-Home-voordeur.jpg?resize=2048,1365 2048w, https:\/\/axasecurity.com\/de\/wp-content\/uploads\/sites\/16\/2024\/04\/AXA-Home-voordeur.jpg?resize=1536,1024 1536w, https:\/\/axasecurity.com\/de\/wp-content\/uploads\/sites\/16\/2024\/04\/AXA-Home-voordeur.jpg?resize=1215,810 1215w, https:\/\/axasecurity.com\/de\/wp-content\/uploads\/sites\/16\/2024\/04\/AXA-Home-voordeur.jpg?resize=600,400 600w\" sizes=\"auto, (max-width: 2048px) 100vw, 2048px\" data-ot-ignore=\"\" \/>\n\t<\/div>\n\t\t\t<\/div>\n\n\t\t\t<div class=\"w-full md:w-6\/12 lg:absolute top-1\/2 lg:-translate-y-1\/2 bg-white py-10 pl-9 pr-7 shadow-contentcard rounded-[2px] left-0\">\n\t\t\t\t<div class=\"content [&amp;_p]:text-[18px]    \">\n\t\t\t\t\t\t\t    <h3 id=\"block_acf-block-66c47773628916.08071240\" class=\"\">Zuhause auf allen M\u00e4rkten<\/h3>\n\t\t\t    <div class=\"[&amp;_p]:text-[18px]\">\n        <p>Unsere Produkte stehen f\u00fcr Qualit\u00e4t, Sicherheit und Komfort. Das umfangreiche Sortiment von AXA Home Security umfasst unter anderem:<\/p>\n<ul>\n<li>T\u00fcrbeschl\u00e4ge<\/li>\n<li>T\u00fcrschl\u00f6sser<\/li>\n<li>Zylinder<\/li>\n<li>T\u00fcrschlie\u00dfer<\/li>\n<li>Scharniere<\/li>\n<li>Fenster\u00f6ffner<\/li>\n<\/ul>\n<p>Kurz gesagt, im Bereich der Home-Sicherheit sind wir auf allen M\u00e4rkten zu Hause.<\/p>\n\n    <\/div>\n\t<\/div>\n\t\t\t<\/div>\n\n\t\t<\/div>\n\n\t<\/div>\n<\/section>\n\n\n<section id=\"\" class=\"is-layout-flex wp-block-acf-content-image-is-layout-flex\" style=\"padding-top:var(--wp--preset--spacing--80); padding-bottom:var(--wp--preset--spacing--80); color: var(--wp--preset--color--font); \">\n\t<div class=\"container\">\n\n\t\t<div class=\"flex flex-col gap-10 lg:gap-0 lg:flex-row relative justify-start items-center justify-start \">\n\n\t\t\t<div class=\"w-full md:w-7\/12\">\n\t\t\t\t\t<div class=\"rounded-[2px] overflow-hidden\">\n\t\t\t\t<img loading=\"lazy\" decoding=\"async\" width=\"2048\" height=\"1366\" src=\"https:\/\/axasecurity.com\/de\/wp-content\/uploads\/sites\/16\/2024\/04\/AXA-Home-voordeur-op-slot.jpg?w=2048\" class=\"w-full media-cutoff \" alt=\"AXA-Home-voordeur op slot\" srcset=\"https:\/\/axasecurity.com\/de\/wp-content\/uploads\/sites\/16\/2024\/04\/AXA-Home-voordeur-op-slot.jpg 2500w, https:\/\/axasecurity.com\/de\/wp-content\/uploads\/sites\/16\/2024\/04\/AXA-Home-voordeur-op-slot.jpg?resize=512,341 512w, https:\/\/axasecurity.com\/de\/wp-content\/uploads\/sites\/16\/2024\/04\/AXA-Home-voordeur-op-slot.jpg?resize=768,512 768w, https:\/\/axasecurity.com\/de\/wp-content\/uploads\/sites\/16\/2024\/04\/AXA-Home-voordeur-op-slot.jpg?resize=2048,1366 2048w, https:\/\/axasecurity.com\/de\/wp-content\/uploads\/sites\/16\/2024\/04\/AXA-Home-voordeur-op-slot.jpg?resize=1536,1024 1536w, https:\/\/axasecurity.com\/de\/wp-content\/uploads\/sites\/16\/2024\/04\/AXA-Home-voordeur-op-slot.jpg?resize=1215,810 1215w, https:\/\/axasecurity.com\/de\/wp-content\/uploads\/sites\/16\/2024\/04\/AXA-Home-voordeur-op-slot.jpg?resize=600,400 600w\" sizes=\"auto, (max-width: 2048px) 100vw, 2048px\" data-ot-ignore=\"\" \/>\n\t<\/div>\n\t\t\t<\/div>\n\n\t\t\t<div class=\"w-full md:w-6\/12 lg:absolute top-1\/2 lg:-translate-y-1\/2 bg-white py-10 pl-9 pr-7 shadow-contentcard rounded-[2px] right-0\">\n\t\t\t\t<div class=\"content [&amp;_p]:text-[18px]    \">\n\t\t\t\t\t\t\t    <h3 id=\"block_acf-block-66c4777362bd08.54946419\" class=\"\">Unser Sortiment<\/h3>\n\t\t\t    <div class=\"[&amp;_p]:text-[18px]\">\n        <p>Entdecke unser umfangreiches Sortiment, detaillierte Produktbeschreibungen und Antworten auf h\u00e4ufig gestellte Fragen auf unserer Website.<\/p>\n<p>Finde Informationen zu Funktionen, Spezifikationen und Anwendungen unserer Produkte. Klicke auf den Link und entdecke es selbst!<\/p>\n\n    <\/div>\n\t\t<div class=\"flex flex-wrap gap-4 md:gap-6 mt-6\">\n\t\t\t\t\t\t\n\t<a href=\"http:\/\/axahomesecurity.com\/de\/\" class=\"btn mt-6 btn--solid flex-row-reverse\" target=\"_blank\">\n\t\t\t\t\t\t\t        <div class=\"h-6 w-6 text-[24px] color: var(--wp--preset--color--font); flex justify-center items-center \">\n        <span class=\"material-symbols-rounded\">open_in_new<\/span>\n    <\/div>\n\t\t\t\tAXA Home Security\n\t<\/a>\n\t\t\t<\/div>\n\n<\/div>\n\t\t\t<\/div>\n\n\t\t<\/div>\n\n\t<\/div>\n<\/section>\n","protected":false},"excerpt":{"rendered":"","protected":false},"author":17,"featured_media":0,"parent":0,"menu_order":0,"comment_status":"closed","ping_status":"closed","template":"","meta":{"_acf_changed":false,"_trash_the_other_posts":false,"footnotes":""},"class_list":["post-16918","page","type-page","status-publish","hentry"],"acf":[],"yoast_head":"<!-- This site is optimized with the Yoast SEO plugin v27.1.1 - https:\/\/yoast.com\/product\/yoast-seo-wordpress\/ -->\n<title>Wer sind wir - AXA Home Security - AXA Company GER \ud83c\udde9\ud83c\uddea<\/title>\n<meta name=\"description\" content=\"AXA Home Security ist ein Begriff. Die Marke ist als zuverl\u00e4ssiger niederl\u00e4ndischer Lieferant von Schl\u00f6ssern und Beschl\u00e4gen bekannt.\" \/>\n<meta name=\"robots\" content=\"index, follow, max-snippet:-1, max-image-preview:large, max-video-preview:-1\" \/>\n<link rel=\"canonical\" href=\"https:\/\/axasecurity.com\/de\/wie-zijn-wij-axa-home-security\/\" \/>\n<meta property=\"og:locale\" content=\"en_US\" \/>\n<meta property=\"og:type\" content=\"article\" \/>\n<meta property=\"og:title\" content=\"Wer sind wir - AXA Home Security - AXA Company GER \ud83c\udde9\ud83c\uddea\" \/>\n<meta property=\"og:description\" content=\"AXA Home Security ist ein Begriff. Die Marke ist als zuverl\u00e4ssiger niederl\u00e4ndischer Lieferant von Schl\u00f6ssern und Beschl\u00e4gen bekannt.\" \/>\n<meta property=\"og:url\" content=\"https:\/\/axasecurity.com\/de\/wie-zijn-wij-axa-home-security\/\" \/>\n<meta property=\"og:site_name\" content=\"AXA Company GER \ud83c\udde9\ud83c\uddea\" \/>\n<meta property=\"article:modified_time\" content=\"2024-08-20T11:01:08+00:00\" \/>\n<meta name=\"twitter:card\" content=\"summary_large_image\" \/>\n<script type=\"application\/ld+json\" class=\"yoast-schema-graph\">{\"@context\":\"https:\/\/schema.org\",\"@graph\":[{\"@type\":\"WebPage\",\"@id\":\"https:\/\/axasecurity.com\/de\/wie-zijn-wij-axa-home-security\/\",\"url\":\"https:\/\/axasecurity.com\/de\/wie-zijn-wij-axa-home-security\/\",\"name\":\"Wer sind wir - AXA Home Security - AXA Company GER \ud83c\udde9\ud83c\uddea\",\"isPartOf\":{\"@id\":\"https:\/\/axasecurity.com\/de\/#website\"},\"datePublished\":\"2024-04-24T14:48:55+00:00\",\"dateModified\":\"2024-08-20T11:01:08+00:00\",\"description\":\"AXA Home Security ist ein Begriff. Die Marke ist als zuverl\u00e4ssiger niederl\u00e4ndischer Lieferant von Schl\u00f6ssern und Beschl\u00e4gen bekannt.\",\"breadcrumb\":{\"@id\":\"https:\/\/axasecurity.com\/de\/wie-zijn-wij-axa-home-security\/#breadcrumb\"},\"inLanguage\":\"en-US\",\"potentialAction\":[{\"@type\":\"ReadAction\",\"target\":[\"https:\/\/axasecurity.com\/de\/wie-zijn-wij-axa-home-security\/\"]}]},{\"@type\":\"BreadcrumbList\",\"@id\":\"https:\/\/axasecurity.com\/de\/wie-zijn-wij-axa-home-security\/#breadcrumb\",\"itemListElement\":[{\"@type\":\"ListItem\",\"position\":1,\"name\":\"house\",\"item\":\"https:\/\/axasecurity.com\/de\/\"},{\"@type\":\"ListItem\",\"position\":2,\"name\":\"Wer sind wir &#8211; AXA Home Security\"}]},{\"@type\":\"WebSite\",\"@id\":\"https:\/\/axasecurity.com\/de\/#website\",\"url\":\"https:\/\/axasecurity.com\/de\/\",\"name\":\"AXA Company GER \ud83c\udde9\ud83c\uddea\",\"description\":\"AXA Company GER \ud83c\udde9\ud83c\uddea\",\"potentialAction\":[{\"@type\":\"SearchAction\",\"target\":{\"@type\":\"EntryPoint\",\"urlTemplate\":\"https:\/\/axasecurity.com\/de\/?s={search_term_string}\"},\"query-input\":{\"@type\":\"PropertyValueSpecification\",\"valueRequired\":true,\"valueName\":\"search_term_string\"}}],\"inLanguage\":\"en-US\"}]}<\/script>\n<!-- \/ Yoast SEO plugin. -->","yoast_head_json":{"title":"Wer sind wir - AXA Home Security - AXA Company GER \ud83c\udde9\ud83c\uddea","description":"AXA Home Security ist ein Begriff. Die Marke ist als zuverl\u00e4ssiger niederl\u00e4ndischer Lieferant von Schl\u00f6ssern und Beschl\u00e4gen bekannt.","robots":{"index":"index","follow":"follow","max-snippet":"max-snippet:-1","max-image-preview":"max-image-preview:large","max-video-preview":"max-video-preview:-1"},"canonical":"https:\/\/axasecurity.com\/de\/wie-zijn-wij-axa-home-security\/","og_locale":"en_US","og_type":"article","og_title":"Wer sind wir - AXA Home Security - AXA Company GER \ud83c\udde9\ud83c\uddea","og_description":"AXA Home Security ist ein Begriff. Die Marke ist als zuverl\u00e4ssiger niederl\u00e4ndischer Lieferant von Schl\u00f6ssern und Beschl\u00e4gen bekannt.","og_url":"https:\/\/axasecurity.com\/de\/wie-zijn-wij-axa-home-security\/","og_site_name":"AXA Company GER \ud83c\udde9\ud83c\uddea","article_modified_time":"2024-08-20T11:01:08+00:00","twitter_card":"summary_large_image","schema":{"@context":"https:\/\/schema.org","@graph":[{"@type":"WebPage","@id":"https:\/\/axasecurity.com\/de\/wie-zijn-wij-axa-home-security\/","url":"https:\/\/axasecurity.com\/de\/wie-zijn-wij-axa-home-security\/","name":"Wer sind wir - AXA Home Security - AXA Company GER \ud83c\udde9\ud83c\uddea","isPartOf":{"@id":"https:\/\/axasecurity.com\/de\/#website"},"datePublished":"2024-04-24T14:48:55+00:00","dateModified":"2024-08-20T11:01:08+00:00","description":"AXA Home Security ist ein Begriff. Die Marke ist als zuverl\u00e4ssiger niederl\u00e4ndischer Lieferant von Schl\u00f6ssern und Beschl\u00e4gen bekannt.","breadcrumb":{"@id":"https:\/\/axasecurity.com\/de\/wie-zijn-wij-axa-home-security\/#breadcrumb"},"inLanguage":"en-US","potentialAction":[{"@type":"ReadAction","target":["https:\/\/axasecurity.com\/de\/wie-zijn-wij-axa-home-security\/"]}]},{"@type":"BreadcrumbList","@id":"https:\/\/axasecurity.com\/de\/wie-zijn-wij-axa-home-security\/#breadcrumb","itemListElement":[{"@type":"ListItem","position":1,"name":"house","item":"https:\/\/axasecurity.com\/de\/"},{"@type":"ListItem","position":2,"name":"Wer sind wir &#8211; AXA Home Security"}]},{"@type":"WebSite","@id":"https:\/\/axasecurity.com\/de\/#website","url":"https:\/\/axasecurity.com\/de\/","name":"AXA Company GER \ud83c\udde9\ud83c\uddea","description":"AXA Company GER \ud83c\udde9\ud83c\uddea","potentialAction":[{"@type":"SearchAction","target":{"@type":"EntryPoint","urlTemplate":"https:\/\/axasecurity.com\/de\/?s={search_term_string}"},"query-input":{"@type":"PropertyValueSpecification","valueRequired":true,"valueName":"search_term_string"}}],"inLanguage":"en-US"}]}},"jetpack_sharing_enabled":true,"_links":{"self":[{"href":"https:\/\/axasecurity.com\/de\/wp-json\/wp\/v2\/pages\/16918","targetHints":{"allow":["GET"]}}],"collection":[{"href":"https:\/\/axasecurity.com\/de\/wp-json\/wp\/v2\/pages"}],"about":[{"href":"https:\/\/axasecurity.com\/de\/wp-json\/wp\/v2\/types\/page"}],"author":[{"embeddable":true,"href":"https:\/\/axasecurity.com\/de\/wp-json\/wp\/v2\/users\/17"}],"replies":[{"embeddable":true,"href":"https:\/\/axasecurity.com\/de\/wp-json\/wp\/v2\/comments?post=16918"}],"version-history":[{"count":26,"href":"https:\/\/axasecurity.com\/de\/wp-json\/wp\/v2\/pages\/16918\/revisions"}],"predecessor-version":[{"id":17247,"href":"https:\/\/axasecurity.com\/de\/wp-json\/wp\/v2\/pages\/16918\/revisions\/17247"}],"wp:attachment":[{"href":"https:\/\/axasecurity.com\/de\/wp-json\/wp\/v2\/media?parent=16918"}],"curies":[{"name":"wp","href":"https:\/\/api.w.org\/{rel}","templated":true}]}}